{"id":2036,"date":"2025-05-12T15:40:19","date_gmt":"2025-05-12T13:40:19","guid":{"rendered":"https:\/\/louisaliotta.com\/?page_id=2036"},"modified":"2025-05-12T15:40:20","modified_gmt":"2025-05-12T13:40:20","slug":"massage-la-colle-sur-loup","status":"publish","type":"page","link":"https:\/\/louisaliotta.com\/en\/massage-la-colle-sur-loup\/","title":{"rendered":"Massage in La Colle-sur-Loup | Massage at home"},"content":{"rendered":"<div class=\"wp-block-uagb-container uagb-block-2f170859 alignfull uagb-is-root-container\"><div class=\"uagb-container-inner-blocks-wrap\">\n<div class=\"wp-block-uagb-container uagb-block-de9cf80b\">\n<figure class=\"wp-block-image size-full\"><img loading=\"lazy\" decoding=\"async\" width=\"403\" height=\"718\" src=\"https:\/\/louisaliotta.com\/wp-content\/uploads\/2025\/05\/massage-la-colle-sur-loup.jpeg\" alt=\"Massage \u00e0 domicile \u00e0 La Colle-sur-Loup par un masseur \u00e0 domicile\" class=\"wp-image-2037\" srcset=\"https:\/\/louisaliotta.com\/wp-content\/uploads\/2025\/05\/massage-la-colle-sur-loup.jpeg 403w, https:\/\/louisaliotta.com\/wp-content\/uploads\/2025\/05\/massage-la-colle-sur-loup-168x300.jpeg 168w, https:\/\/louisaliotta.com\/wp-content\/uploads\/2025\/05\/massage-la-colle-sur-loup-7x12.jpeg 7w\" sizes=\"auto, (max-width: 403px) 100vw, 403px\" \/><\/figure>\n<\/div>\n\n\n\n<div class=\"wp-block-uagb-container uagb-block-fa836080\">\n<p class=\"animated-image\"><br>I move to <strong>La Colle-sur-Loup<\/strong> to offer you <strong>mobile massage sessions<\/strong> in a confidential setting, whether in your villa, your guest house or your place of stay. <\/p>\n\n\n\n<p class=\"animated-image\">Each treatment is personalized to meet your current needs, in an atmosphere conducive to relaxation.<\/p>\n<\/div>\n<\/div><\/div>\n\n\n\n<h3 class=\"wp-block-heading\">Home massages available in Colle-sur-Loup <\/h3>\n\n\n\n<div class=\"wp-block-uagb-container uagb-block-9b1c8039 alignfull uagb-is-root-container\"><div class=\"uagb-container-inner-blocks-wrap\">\n<div class=\"wp-block-uagb-container uagb-block-101c9aeb\">\n<p class=\"animated-image\">I offer several types of massages to meet various needs:<\/p>\n\n\n\n<p><strong>Relaxing massage:<\/strong> : to release tension, calm the mind and regain a feeling of overall well-being.<\/p>\n\n\n\n<p><strong>Sports massage:<\/strong> : ideal after physical activity or for targeted muscle recovery.<\/p>\n\n\n\n<p><strong>Customized massage:<\/strong> : a treatment adapted to your physical condition and your emotional state of the day.<\/p>\n\n\n\n<p>I work throughout the commune of La Colle-sur-Loup, particularly in residential areas, properties on the outskirts, as well as in the areas surrounding <strong>Saint-Bernard or Hauts de Saint-Paul<\/strong>.<\/p>\n\n\n\n<p class=\"animated-image\">I also travel nearby, particularly to <strong><a href=\"https:\/\/louisaliotta.com\/en\/massage-saint-paul-de-vence\/\">Saint-Paul-de-Vence<\/a><\/strong>, <strong><a href=\"https:\/\/louisaliotta.com\/en\/massage-vence\/\">Vence<\/a><\/strong> or <strong><a href=\"https:\/\/louisaliotta.com\/en\/massage-cagnes-sur-mer\/\">Cagnes-sur-Mer<\/a><\/strong>, for home or institutional care.<\/p>\n<\/div>\n\n\n\n<div class=\"wp-block-uagb-container uagb-block-af16254b\">\n<figure class=\"wp-block-image size-large\"><img loading=\"lazy\" decoding=\"async\" width=\"1024\" height=\"576\" src=\"https:\/\/louisaliotta.com\/wp-content\/uploads\/2025\/05\/massage-domicile-la-colle-sur-loup-1024x576.jpeg\" alt=\"Massage \u00e0 domicile \u00e0 La Colle-sur-Loup prodigu\u00e9 par un masseur \u00e0 La Colle-sur-Loup\" class=\"wp-image-2039\" srcset=\"https:\/\/louisaliotta.com\/wp-content\/uploads\/2025\/05\/massage-domicile-la-colle-sur-loup-1024x576.jpeg 1024w, https:\/\/louisaliotta.com\/wp-content\/uploads\/2025\/05\/massage-domicile-la-colle-sur-loup-300x169.jpeg 300w, https:\/\/louisaliotta.com\/wp-content\/uploads\/2025\/05\/massage-domicile-la-colle-sur-loup-768x432.jpeg 768w, https:\/\/louisaliotta.com\/wp-content\/uploads\/2025\/05\/massage-domicile-la-colle-sur-loup-18x10.jpeg 18w, https:\/\/louisaliotta.com\/wp-content\/uploads\/2025\/05\/massage-domicile-la-colle-sur-loup.jpeg 1472w\" sizes=\"auto, (max-width: 1024px) 100vw, 1024px\" \/><\/figure>\n<\/div>\n<\/div><\/div>\n\n\n\n<h3 class=\"wp-block-heading\"><strong>Why choose a mobile massage in <\/strong>glue-on-wolf?<\/h3>\n\n\n\n<div class=\"wp-block-uagb-container uagb-block-72dde890 alignfull uagb-is-root-container\"><div class=\"uagb-container-inner-blocks-wrap\">\n<div class=\"wp-block-uagb-container uagb-block-60eb2a68\">\n<p class=\"animated-image\">La Colle-sur-Loup is a calm, wooded and charming place, ideal for a wellness break. <\/p>\n\n\n\n<p class=\"animated-image\">Receive a<strong> mobile massage<\/strong> Here you can fully enjoy this setting, without having to move, in the comfort and privacy of your own space.<\/p>\n\n\n\n<p class=\"animated-image\">I cater to both local residents and passing visitors, those seeking peace and quiet or a tailor-made service, with a spirit of quality and discretion.<\/p>\n<\/div>\n\n\n\n<div class=\"wp-block-uagb-container uagb-block-a78c7d2a\">\n<figure class=\"wp-block-image size-large\"><img loading=\"lazy\" decoding=\"async\" width=\"576\" height=\"1024\" src=\"https:\/\/louisaliotta.com\/wp-content\/uploads\/2025\/05\/masseur-la-colle-sur-loup-576x1024.webp\" alt=\"Masseur \u00e0 La Colle-sur-Loup, proposant des massages \u00e0 domicile\" class=\"wp-image-2040\" srcset=\"https:\/\/louisaliotta.com\/wp-content\/uploads\/2025\/05\/masseur-la-colle-sur-loup-576x1024.webp 576w, https:\/\/louisaliotta.com\/wp-content\/uploads\/2025\/05\/masseur-la-colle-sur-loup-169x300.webp 169w, https:\/\/louisaliotta.com\/wp-content\/uploads\/2025\/05\/masseur-la-colle-sur-loup-7x12.webp 7w, https:\/\/louisaliotta.com\/wp-content\/uploads\/2025\/05\/masseur-la-colle-sur-loup.webp 675w\" sizes=\"auto, (max-width: 576px) 100vw, 576px\" \/><\/figure>\n<\/div>\n<\/div><\/div>\n\n\n\n<p class=\"has-text-align-center\"><strong>Massage in La Colle-sur-Loup \u2013 Easily book your session at home.<\/strong><\/p>\n\n\n\n<div class=\"cta-wrapper\" style=\"text-align: center; margin: 32px auto;\">\n  <a href=\"https:\/\/wa.me\/33602710818\" style=\"    display: inline-block;    background-color: #3e3d3b; \/* gris anthracite profond *\/    color: #d1b37f; \/* dor\u00e9 \u00e9l\u00e9gant *\/    padding: 12px 28px;    font-family: &#039;Georgia&#039;, serif;    font-size: 1rem;    font-weight: 500;    text-transform: uppercase;    letter-spacing: 0.5px;    border-radius: 8px;    text-decoration: none;    transition: background-color 0.3s ease, color 0.3s ease;  \" onmouseover=\"this.style.backgroundColor=&#039;#2e2d2b&#039;; this.style.color=&#039;#e8cc8f&#039;\" onmouseout=\"this.style.backgroundColor=&#039;#3e3d3b&#039;; this.style.color=&#039;#d1b37f&#039;\" target=\"_blank\" rel=\"noopener\">\n    BOOK NOW !\n  <\/a>\n<\/div>\n\n\n\n<script>\ndocument.addEventListener(\"DOMContentLoaded\", function () {\n    const images = document.querySelectorAll(\".animated-image\");\n\n    function handleScroll() {\n        images.forEach(img => {\n            const rect = img.getBoundingClientRect();\n            if (rect.top < window.innerHeight * 0.9) {\n                img.classList.add(\"show\");\n            }\n        });\n    }\n\n    window.addEventListener(\"scroll\", handleScroll);\n    handleScroll(); \/\/ V\u00e9rifie au chargement de la page\n});\n<\/script>\n\n\n\n<p><\/p>","protected":false},"excerpt":{"rendered":"<p>Je me d\u00e9place \u00e0 La Colle-sur-Loup pour vous proposer des massages \u00e0 domicile dans un cadre confidentiel, que ce soit dans votre villa, votre maison d\u2019h\u00f4tes ou votre lieu de s\u00e9jour. Chaque soin est personnalis\u00e9 pour r\u00e9pondre \u00e0 vos besoins du moment, dans une atmosph\u00e8re propice \u00e0 la d\u00e9tente. Massages \u00e0 domicile disponibles \u00e0 la [&hellip;]<\/p>\n","protected":false},"author":1,"featured_media":0,"parent":0,"menu_order":0,"comment_status":"closed","ping_status":"closed","template":"","meta":{"_uag_custom_page_level_css":"","footnotes":""},"class_list":["post-2036","page","type-page","status-publish","hentry"],"uagb_featured_image_src":{"full":false,"thumbnail":false,"medium":false,"medium_large":false,"large":false,"1536x1536":false,"2048x2048":false,"trp-custom-language-flag":false},"uagb_author_info":{"display_name":"admin1614","author_link":"https:\/\/louisaliotta.com\/en\/author\/admin1614\/"},"uagb_comment_info":0,"uagb_excerpt":"Je me d\u00e9place \u00e0 La Colle-sur-Loup pour vous proposer des massages \u00e0 domicile dans un cadre confidentiel, que ce soit dans votre villa, votre maison d\u2019h\u00f4tes ou votre lieu de s\u00e9jour. Chaque soin est personnalis\u00e9 pour r\u00e9pondre \u00e0 vos besoins du moment, dans une atmosph\u00e8re propice \u00e0 la d\u00e9tente. Massages \u00e0 domicile disponibles \u00e0 la&hellip;","_links":{"self":[{"href":"https:\/\/louisaliotta.com\/en\/wp-json\/wp\/v2\/pages\/2036","targetHints":{"allow":["GET"]}}],"collection":[{"href":"https:\/\/louisaliotta.com\/en\/wp-json\/wp\/v2\/pages"}],"about":[{"href":"https:\/\/louisaliotta.com\/en\/wp-json\/wp\/v2\/types\/page"}],"author":[{"embeddable":true,"href":"https:\/\/louisaliotta.com\/en\/wp-json\/wp\/v2\/users\/1"}],"replies":[{"embeddable":true,"href":"https:\/\/louisaliotta.com\/en\/wp-json\/wp\/v2\/comments?post=2036"}],"version-history":[{"count":3,"href":"https:\/\/louisaliotta.com\/en\/wp-json\/wp\/v2\/pages\/2036\/revisions"}],"predecessor-version":[{"id":3012,"href":"https:\/\/louisaliotta.com\/en\/wp-json\/wp\/v2\/pages\/2036\/revisions\/3012"}],"wp:attachment":[{"href":"https:\/\/louisaliotta.com\/en\/wp-json\/wp\/v2\/media?parent=2036"}],"curies":[{"name":"wp","href":"https:\/\/api.w.org\/{rel}","templated":true}]}}