{"id":2072,"date":"2025-05-12T20:42:02","date_gmt":"2025-05-12T18:42:02","guid":{"rendered":"https:\/\/louisaliotta.com\/?page_id=2072"},"modified":"2025-05-12T20:50:10","modified_gmt":"2025-05-12T18:50:10","slug":"massage-vallauris","status":"publish","type":"page","link":"https:\/\/louisaliotta.com\/en\/massage-vallauris\/","title":{"rendered":"Massage in Vallauris | Massage at home"},"content":{"rendered":"<div class=\"wp-block-uagb-container uagb-block-2f170859 alignfull uagb-is-root-container\"><div class=\"uagb-container-inner-blocks-wrap\">\n<div class=\"wp-block-uagb-container uagb-block-de9cf80b\">\n<figure class=\"wp-block-image size-full\"><img loading=\"lazy\" decoding=\"async\" width=\"403\" height=\"718\" src=\"https:\/\/louisaliotta.com\/wp-content\/uploads\/2025\/05\/massage-antibes.jpeg\" alt=\"S\u00e9ance de massage \u00e0 domicile \u00e0 Vallauris par Louis Aliotta, masseur \u00e0 domicile \u00e0 Vallauris\" class=\"wp-image-1730\" srcset=\"https:\/\/louisaliotta.com\/wp-content\/uploads\/2025\/05\/massage-antibes.jpeg 403w, https:\/\/louisaliotta.com\/wp-content\/uploads\/2025\/05\/massage-antibes-168x300.jpeg 168w, https:\/\/louisaliotta.com\/wp-content\/uploads\/2025\/05\/massage-antibes-7x12.jpeg 7w\" sizes=\"auto, (max-width: 403px) 100vw, 403px\" \/><\/figure>\n<\/div>\n\n\n\n<div class=\"wp-block-uagb-container uagb-block-fa836080\">\n<p class=\"animated-image\">Between coast and hills, <strong>Vallauris<\/strong> offers a peaceful setting, conducive to relaxation and refocusing.<\/p>\n\n\n\n<p class=\"animated-image\">I offer personalized massages at home in Vallauris and the surrounding area, whether you are a resident, passing through, or on an extended stay.<\/p>\n\n\n\n<p class=\"animated-image\">Each treatment is designed to soothe, boost energy and relieve tension, with attention paid to your overall comfort.<\/p>\n<\/div>\n<\/div><\/div>\n\n\n\n<h3 class=\"wp-block-heading\">Home massages available in VALLAURIS and GOLFE-JUAN<\/h3>\n\n\n\n<div class=\"wp-block-uagb-container uagb-block-9b1c8039 alignfull uagb-is-root-container\"><div class=\"uagb-container-inner-blocks-wrap\">\n<div class=\"wp-block-uagb-container uagb-block-101c9aeb\">\n<p class=\"animated-image\">I offer different types of massages, depending on your needs :<\/p>\n\n\n\n<p class=\"animated-image\"><strong>Relaxing massage:<\/strong> : relieves stress, releases tension and promotes deep calm.<\/p>\n\n\n\n<p class=\"animated-image\"><strong>Sports massage:<\/strong> : ideal for muscle recovery or physical preparation.<\/p>\n\n\n\n<p class=\"animated-image\"><strong>Customized massage:<\/strong> : adapted to your physical and emotional state and your current expectations.<\/p>\n\n\n\n<p class=\"animated-image\">I work in all neighborhoods of <strong>Vallauris and Golfe-Juan<\/strong> : city center, super Cannes, the <strong>Issarts<\/strong>, the <strong>Retained<\/strong>, and towards the coast.<\/p>\n\n\n\n<p class=\"animated-image\">Intervention possible at home, in a hotel or on board your boat or yacht and in neighboring towns: <a href=\"https:\/\/louisaliotta.com\/en\/massage-antibes\/\">Antibes<\/a>, <a href=\"https:\/\/louisaliotta.com\/en\/massage-cannes\/\">Cannes<\/a>. <\/p>\n<\/div>\n\n\n\n<div class=\"wp-block-uagb-container uagb-block-af16254b\">\n<figure class=\"wp-block-image size-large\"><img loading=\"lazy\" decoding=\"async\" width=\"1024\" height=\"576\" src=\"https:\/\/louisaliotta.com\/wp-content\/uploads\/2025\/05\/massage-domicile-antibes-1024x576.jpeg\" alt=\"Massage \u00e0 domicile \u00e0 Vallauris, prodigu\u00e9 par Louis Aliotta, masseur \u00e0 Vallauris\" class=\"wp-image-1731\" srcset=\"https:\/\/louisaliotta.com\/wp-content\/uploads\/2025\/05\/massage-domicile-antibes-1024x576.jpeg 1024w, https:\/\/louisaliotta.com\/wp-content\/uploads\/2025\/05\/massage-domicile-antibes-300x169.jpeg 300w, https:\/\/louisaliotta.com\/wp-content\/uploads\/2025\/05\/massage-domicile-antibes-768x432.jpeg 768w, https:\/\/louisaliotta.com\/wp-content\/uploads\/2025\/05\/massage-domicile-antibes-18x10.jpeg 18w, https:\/\/louisaliotta.com\/wp-content\/uploads\/2025\/05\/massage-domicile-antibes.jpeg 1472w\" sizes=\"auto, (max-width: 1024px) 100vw, 1024px\" \/><\/figure>\n<\/div>\n<\/div><\/div>\n\n\n\n<h3 class=\"wp-block-heading\"><strong>Why choose a mobile massage in <\/strong>VALLAURIS?<\/h3>\n\n\n\n<div class=\"wp-block-uagb-container uagb-block-72dde890 alignfull uagb-is-root-container\"><div class=\"uagb-container-inner-blocks-wrap\">\n<div class=\"wp-block-uagb-container uagb-block-60eb2a68\">\n<p class=\"animated-image\">A <strong>mobile massage<\/strong> saves you the hassle of traveling and allows you to experience a real moment of well-being in your own environment.<\/p>\n\n\n\n<p class=\"animated-image\">Each session is carefully designed and adapted to your pace, needs and personal expectations.<\/p>\n\n\n\n<p class=\"animated-image\">This service is aimed at residents of Vallauris, visitors, vacationers, artists, athletes or professionals looking for recovery or deep relaxation.<\/p>\n<\/div>\n\n\n\n<div class=\"wp-block-uagb-container uagb-block-a78c7d2a\">\n<figure class=\"wp-block-image size-large\"><img loading=\"lazy\" decoding=\"async\" width=\"576\" height=\"1024\" src=\"https:\/\/louisaliotta.com\/wp-content\/uploads\/2025\/05\/masseur-antibes-576x1024.webp\" alt=\"Masseur \u00e0 Vallauris, Louis Aliotta, masseur \u00e0 domicile \u00e0 Vallauris\" class=\"wp-image-1732\" srcset=\"https:\/\/louisaliotta.com\/wp-content\/uploads\/2025\/05\/masseur-antibes-576x1024.webp 576w, https:\/\/louisaliotta.com\/wp-content\/uploads\/2025\/05\/masseur-antibes-169x300.webp 169w, https:\/\/louisaliotta.com\/wp-content\/uploads\/2025\/05\/masseur-antibes-7x12.webp 7w, https:\/\/louisaliotta.com\/wp-content\/uploads\/2025\/05\/masseur-antibes.webp 675w\" sizes=\"auto, (max-width: 576px) 100vw, 576px\" \/><\/figure>\n<\/div>\n<\/div><\/div>\n\n\n\n<p class=\"has-text-align-center\"><strong>Massage in Vallauris \u2013 Easily book your session at home.<\/strong>has<\/p>\n\n\n\n<div class=\"cta-wrapper\" style=\"text-align: center; margin: 32px auto;\">\n  <a href=\"https:\/\/wa.me\/33602710818\" style=\"    display: inline-block;    background-color: #3e3d3b; \/* gris anthracite profond *\/    color: #d1b37f; \/* dor\u00e9 \u00e9l\u00e9gant *\/    padding: 12px 28px;    font-family: &#039;Georgia&#039;, serif;    font-size: 1rem;    font-weight: 500;    text-transform: uppercase;    letter-spacing: 0.5px;    border-radius: 8px;    text-decoration: none;    transition: background-color 0.3s ease, color 0.3s ease;  \" onmouseover=\"this.style.backgroundColor=&#039;#2e2d2b&#039;; this.style.color=&#039;#e8cc8f&#039;\" onmouseout=\"this.style.backgroundColor=&#039;#3e3d3b&#039;; this.style.color=&#039;#d1b37f&#039;\" target=\"_blank\" rel=\"noopener\">\n    BOOK NOW !\n  <\/a>\n<\/div>\n\n\n\n<script>\ndocument.addEventListener(\"DOMContentLoaded\", function () {\n    const images = document.querySelectorAll(\".animated-image\");\n\n    function handleScroll() {\n        images.forEach(img => {\n            const rect = img.getBoundingClientRect();\n            if (rect.top < window.innerHeight * 0.9) {\n                img.classList.add(\"show\");\n            }\n        });\n    }\n\n    window.addEventListener(\"scroll\", handleScroll);\n    handleScroll(); \/\/ V\u00e9rifie au chargement de la page\n});\n<\/script>","protected":false},"excerpt":{"rendered":"<p>Entre littoral et collines, Vallauris offre un cadre paisible, propice \u00e0 la d\u00e9tente et au recentrage. Je propose des massages personnalis\u00e9s \u00e0 domicile \u00e0 Vallauris et dans ses environs, que vous soyez r\u00e9sident, de passage ou en s\u00e9jour prolong\u00e9. Chaque soin est con\u00e7u pour apaiser, relancer les \u00e9nergies et soulager les tensions, avec une attention [&hellip;]<\/p>\n","protected":false},"author":1,"featured_media":0,"parent":0,"menu_order":0,"comment_status":"closed","ping_status":"closed","template":"","meta":{"_uag_custom_page_level_css":"","footnotes":""},"class_list":["post-2072","page","type-page","status-publish","hentry"],"uagb_featured_image_src":{"full":false,"thumbnail":false,"medium":false,"medium_large":false,"large":false,"1536x1536":false,"2048x2048":false,"trp-custom-language-flag":false},"uagb_author_info":{"display_name":"admin1614","author_link":"https:\/\/louisaliotta.com\/en\/author\/admin1614\/"},"uagb_comment_info":0,"uagb_excerpt":"Entre littoral et collines, Vallauris offre un cadre paisible, propice \u00e0 la d\u00e9tente et au recentrage. Je propose des massages personnalis\u00e9s \u00e0 domicile \u00e0 Vallauris et dans ses environs, que vous soyez r\u00e9sident, de passage ou en s\u00e9jour prolong\u00e9. Chaque soin est con\u00e7u pour apaiser, relancer les \u00e9nergies et soulager les tensions, avec une attention&hellip;","_links":{"self":[{"href":"https:\/\/louisaliotta.com\/en\/wp-json\/wp\/v2\/pages\/2072","targetHints":{"allow":["GET"]}}],"collection":[{"href":"https:\/\/louisaliotta.com\/en\/wp-json\/wp\/v2\/pages"}],"about":[{"href":"https:\/\/louisaliotta.com\/en\/wp-json\/wp\/v2\/types\/page"}],"author":[{"embeddable":true,"href":"https:\/\/louisaliotta.com\/en\/wp-json\/wp\/v2\/users\/1"}],"replies":[{"embeddable":true,"href":"https:\/\/louisaliotta.com\/en\/wp-json\/wp\/v2\/comments?post=2072"}],"version-history":[{"count":7,"href":"https:\/\/louisaliotta.com\/en\/wp-json\/wp\/v2\/pages\/2072\/revisions"}],"predecessor-version":[{"id":2086,"href":"https:\/\/louisaliotta.com\/en\/wp-json\/wp\/v2\/pages\/2072\/revisions\/2086"}],"wp:attachment":[{"href":"https:\/\/louisaliotta.com\/en\/wp-json\/wp\/v2\/media?parent=2072"}],"curies":[{"name":"wp","href":"https:\/\/api.w.org\/{rel}","templated":true}]}}