{"id":2331,"date":"2025-05-16T10:45:17","date_gmt":"2025-05-16T08:45:17","guid":{"rendered":"https:\/\/louisaliotta.com\/?page_id=2331"},"modified":"2025-12-28T11:34:36","modified_gmt":"2025-12-28T10:34:36","slug":"massage-homme-cannes","status":"publish","type":"page","link":"https:\/\/louisaliotta.com\/en\/massage-homme-cannes\/","title":{"rendered":"Massage for Men in Cannes"},"content":{"rendered":"<!-- =========================\nPAGE TH\u00c9MATIQUE \u2014 Massage pour hommes \u00e0 Cannes\nStructure bas\u00e9e sur ton bloc Cannes + ajustements \u201chommes\u201d\n\u2705 Texte clair, professionnel, sans ambigu\u00eft\u00e9\n\u2705 Liens masqu\u00e9s (.la-link-soft) + liens h\u00f4tels dor\u00e9s (.la-link-gold)\n\u2705 Zone d\u2019intervention = ton bloc fourni (H2)\nCSS + JS inclus (bloc unique)\n========================= -->\n\n<!-- =========================\nCITATION (premium, sans CSS)\n========================= -->\n\n\n<blockquote class=\"wp-block-quote is-layout-flow wp-block-quote-is-layout-flow\">\n\n  <p class=\"animated-image\">\n    <em>\n      A massage is just like a movie, really relaxing and a total escape, except in a massage you\u2019re the star.\n    <\/em>\n  <\/p>\n\n  <p class=\"has-text-align-right animated-image\">\n    <em>\u2014 Elizabeth Jane Howard<\/em>\n  <\/p>\n\n<\/blockquote>\n\n\n<!-- ESPACE ENTRE CITATION ET INTRO -->\n\n<div style=\"height:32px\" aria-hidden=\"true\" class=\"wp-block-spacer\"><\/div>\n\n\n<!-- =========================\nINTRO TYPE \u2014 PAGE (1 paragraphe, sans <br \/>)\n========================= -->\n<div class=\"la-encadre la-encadre--narrow la-encadre--intro animated-image\" style=\"margin:0 auto 34px;\">\n  <p class=\"la-intro animated-image\" style=\"margin:0;\">\n    Vous recherchez un <strong>massage pour hommes \u00e0 Cannes<\/strong> ? J\u2019interviens directement chez vous, dans votre h\u00f4tel ou votre lieu de s\u00e9jour, avec une approche personnalis\u00e9e.\n  <\/p>\n<\/div>\n\n<!-- =========================\nSECTION 1 : VID\u00c9O + INTRO + APPROCHE (Cannes)\n========================= -->\n\n<div class=\"wp-block-uagb-container uagb-block-2f170859 alignfull uagb-is-root-container\">\n  <div class=\"uagb-container-inner-blocks-wrap\">\n\n    <!-- COLONNE VID\u00c9O -->\n    \n    <div class=\"wp-block-uagb-container uagb-block-de9cf80b\">\n      <figure class=\"la-photo\">\n        <div class=\"la-photo-inner animated-image\">\n          <video\n            class=\"la-video\"\n            src=\"https:\/\/louisaliotta.com\/wp-content\/uploads\/2025\/12\/mobile-massage.mp4\"\n            muted\n            playsinline\n            webkit-playsinline\n            preload=\"metadata\"\n            autoplay\n            loop\n          ><\/video>\n        <\/div>\n      <\/figure>\n    <\/div>\n    \n\n    <!-- COLONNE TEXTE -->\n    \n    <div class=\"wp-block-uagb-container la-encadre la-encadre--narrow animated-image uagb-block-fa836080\">\n\n      <h3 class=\"wp-block-heading\"><strong>Massage pour hommes \u2013 Cannes<\/strong><\/h3>\n\n      <p class=\"animated-image\">\n        Cannes alterne p\u00e9riodes calmes et semaines intenses, notamment lors du\n        <a href=\"https:\/\/www.festival-cannes.com\" class=\"la-link-soft\" target=\"_blank\" rel=\"noopener\"><strong>Festival de Cannes<\/strong><\/a>,\n        <a href=\"https:\/\/www.mipim.com\" class=\"la-link-soft\" target=\"_blank\" rel=\"noopener\"><strong>MIPIM<\/strong><\/a>,\n        <a href=\"https:\/\/www.canneslions.com\" class=\"la-link-soft\" target=\"_blank\" rel=\"noopener\"><strong>Cannes Lions<\/strong><\/a>,\n        <a href=\"https:\/\/www.tfwa.com\" class=\"la-link-soft\" target=\"_blank\" rel=\"noopener\"><strong>TFWA<\/strong><\/a>\n        et d\u2019autres congr\u00e8s internationaux.\n      <\/p>\n\n      <p class=\"animated-image\">\n        J\u2019interviens directement sur votre lieu de s\u00e9jour : h\u00f4tel, appartement, ou <strong>yacht<\/strong>\n        amarr\u00e9 au <strong>Vieux-Port de Cannes<\/strong> ou au <strong>Port Pierre Canto<\/strong>.\n      <\/p>\n\n      <p class=\"animated-image\" style=\"margin-bottom:0;\">\n        L\u2019approche est simple : un soin ajust\u00e9 \u00e0 votre \u00e9tat du moment, avec un rythme pr\u00e9cis et une \u00e9coute attentive,\n        pour <strong>rel\u00e2cher<\/strong>, <strong>r\u00e9cup\u00e9rer<\/strong> et <strong>recentrer<\/strong>.\n      <\/p>\n\n    <\/div>\n    \n\n  <\/div>\n<\/div>\n\n\n\n<!-- =========================\nSECTION 2A : TYPES DE MASSAGE (Cannes)\nPhoto avant texte\n========================= -->\n\n<div class=\"wp-block-uagb-container uagb-block-9b1c8039 alignfull uagb-is-root-container\">\n  <div class=\"uagb-container-inner-blocks-wrap\">\n\n    <!-- COLONNE IMAGE (en premier) -->\n    \n    <div class=\"wp-block-uagb-container uagb-block-af16254b\">\n      <figure class=\"la-photo\">\n        <div class=\"la-photo-inner animated-image\">\n          <img decoding=\"async\"\n            src=\"https:\/\/louisaliotta.com\/wp-content\/uploads\/2025\/12\/yacht-massage-cannes.webp\"\n            alt=\"Massage pour hommes \u00e0 Cannes \u2013 s\u00e9ance \u00e0 domicile\"\n            loading=\"lazy\"\n          \/>\n        <\/div>\n      <\/figure>\n    <\/div>\n    \n\n    <!-- COLONNE TEXTE (en second) -->\n    \n    <div class=\"wp-block-uagb-container la-encadre la-encadre--narrow animated-image uagb-block-101c9aeb\">\n\n      <h3 class=\"wp-block-heading\"><strong>Types de massage propos\u00e9s<\/strong><\/h3>\n\n      <ul class=\"la-bullets\">\n        <li class=\"animated-image\"><strong>Massage relaxant<\/strong> : pression douce, gestes fluides, rythm\u00e9s et enveloppants. Un soin pour apaiser les tensions et retrouver une sensation de l\u00e9g\u00e8ret\u00e9.<\/li>\n        <li class=\"animated-image\"><strong>Massage sportif<\/strong> : lent et profond, il soulage les tensions et am\u00e9liore l\u2019oxyg\u00e9nation des tissus gr\u00e2ce \u00e0 des techniques musculaires et des mobilisations articulaires cibl\u00e9es.<\/li>\n        <li class=\"animated-image\"><strong>Massage sur-mesure<\/strong> : un toucher \u00e0 la fois doux et profond, construit \u00e0 partir de vos besoins sp\u00e9cifiques. La pression et le rythme sont ajust\u00e9s de mani\u00e8re progressive, zone par zone.<\/li>\n      <\/ul>\n\n      <p class=\"animated-image\" style=\"margin-bottom:0;\">\n        La s\u00e9ance est adapt\u00e9e \u00e0 vos besoins du moment.\n      <\/p>\n\n    <\/div>\n    \n\n  <\/div>\n<\/div>\n\n\n\n<!-- =========================\nSECTION 2B : IMAGE + BIENFAITS\n========================= -->\n\n\n<div class=\"wp-block-columns is-layout-flex wp-container-core-columns-is-layout-28f84493 wp-block-columns-is-layout-flex\">\n  <div class=\"wp-block-column\">\n    <figure class=\"la-photo\">\n      <div class=\"la-photo-inner animated-image\">\n        <img decoding=\"async\"\n          src=\"https:\/\/louisaliotta.com\/wp-content\/uploads\/2025\/12\/massage-homme-cannes.webp\"\n          alt=\"Massage pour hommes \u00e0 Cannes \u2013 confort et r\u00e9cup\u00e9ration\"\n          loading=\"lazy\"\n        \/>\n      <\/div>\n    <\/figure>\n  <\/div>\n\n  <div class=\"wp-block-column is-vertically-aligned-center\">\n    <div class=\"la-encadre la-encadre--narrow animated-image\">\n      <h3 class=\"wp-block-heading\" style=\"margin-top:0;\">Bienfaits<\/h3>\n\n      <ul class=\"la-bullets\">\n        <li class=\"animated-image\"><strong>Soulager les tensions<\/strong> li\u00e9es au stress, aux postures prolong\u00e9es et aux journ\u00e9es denses<\/li>\n        <li class=\"animated-image\"><strong>Favoriser la r\u00e9cup\u00e9ration et la mobilit\u00e9<\/strong>, que vous soyez s\u00e9dentaire, actif ou sportif<\/li>\n        <li class=\"animated-image\"><strong>Apaiser la charge mentale<\/strong>, en cr\u00e9ant un temps de pause et de recentrage<\/li>\n      <\/ul>\n\n      <p class=\"animated-image\" style=\"margin:0;\">\n        Chaque s\u00e9ance est <strong>ajust\u00e9e \u00e0 votre rythme<\/strong> et \u00e0 votre mode de vie.\n      <\/p>\n    <\/div>\n  <\/div>\n<\/div>\n\n\n\n<p><!-- =========================\nSECTION 4 : ZONE D\u2019INTERVENTION\n========================= --><\/p>\n\n\n<div class=\"la-encadre la-encadre--narrow animated-image\" style=\"margin:0 auto;\">\n  <h2 class=\"wp-block-heading\" style=\"margin-top:0;\"><strong>Zone d\u2019intervention \u2013 Cannes<\/strong><\/h2>\n\n  <p class=\"animated-image\" style=\"margin:0 0 12px 0;\">\n    J\u2019interviens dans l\u2019ensemble de <strong>Cannes<\/strong>, notamment autour de :\n  <\/p>\n\n  <p class=\"animated-image\" style=\"margin:0 0 12px 0;\">\n    <a href=\"https:\/\/www.hyatt.com\/unbound-collection\/fr-FR\/jcagh-hotel-martinez\" class=\"la-link-gold\" target=\"_blank\" rel=\"noopener\"><strong>H\u00f4tel Martinez<\/strong><\/a>,\n    <a href=\"https:\/\/carltoncannes.com\/\" class=\"la-link-gold\" target=\"_blank\" rel=\"noopener\"><strong>Carlton Cannes<\/strong><\/a>,\n    <a href=\"https:\/\/www.hotelsbarriere.com\/cannes\/le-majestic\" class=\"la-link-gold\" target=\"_blank\" rel=\"noopener\"><strong>H\u00f4tel Barri\u00e8re Le Majestic<\/strong><\/a>,\n    <a href=\"https:\/\/www.marriott.com\/fr\/hotels\/ncejw-jw-marriott-cannes\/overview\/\" class=\"la-link-gold\" target=\"_blank\" rel=\"noopener\"><strong>JW Marriott Cannes<\/strong><\/a>,\n    <a href=\"https:\/\/www.hilton.com\/fr\/hotels\/ceqcfpy-canopy-cannes\/\" class=\"la-link-gold\" target=\"_blank\" rel=\"noopener\"><strong>Canopy by Hilton Cannes<\/strong><\/a>.\n  <\/p>\n\n  <p class=\"animated-image\" style=\"margin:0;\">\n    Secteurs : <strong>La Croisette<\/strong>, <strong>Le Suquet<\/strong>, <strong>Californie<\/strong>, <strong>Montfleury<\/strong>, <strong>Palm Beach<\/strong>,\n    ainsi que les zones r\u00e9sidentielles et h\u00f4teli\u00e8res du front de mer.\n  <\/p>\n<\/div>\n\n\n\n<!-- =========================\nSECTION 4 : POURQUOI (Cannes)\n========================= -->\n\n<div class=\"wp-block-uagb-container uagb-block-72dde890 alignfull uagb-is-root-container\">\n  <div class=\"uagb-container-inner-blocks-wrap\">\n\n    <!-- COLONNE TEXTE -->\n    \n    <div class=\"wp-block-uagb-container la-encadre la-encadre--narrow animated-image uagb-block-60eb2a68\">\n\n      <h3 class=\"wp-block-heading\"><strong>Pourquoi choisir un massage \u00e0 domicile \u00e0 Cannes ?<\/strong><\/h3>\n\n      <p class=\"animated-image\">\n        Recevoir un massage \u00e0 domicile permet d\u2019optimiser votre temps, d\u2019\u00e9viter les transports, et de prolonger les effets du soin en restant dans un cadre confortable.\n      <\/p>\n\n      <p class=\"animated-image\" style=\"margin-bottom:0;\">\n        Sans protocole impos\u00e9 ni standardisation, le massage s\u2019adapte pleinement \u00e0 vos besoins du moment : confort, mobilit\u00e9, r\u00e9cup\u00e9ration ou rel\u00e2chement global, selon vos priorit\u00e9s.\n      <\/p>\n\n    <\/div>\n    \n\n    <!-- COLONNE IMAGE -->\n    \n    <div class=\"wp-block-uagb-container uagb-block-a78c7d2a\">\n      <figure class=\"la-photo\">\n        <div class=\"la-photo-inner animated-image\">\n          <img decoding=\"async\"\n            src=\"https:\/\/louisaliotta.com\/wp-content\/uploads\/2025\/05\/masseur-cannes-576x1024.webp\"\n            alt=\"Louis Aliotta, masseur \u00e0 domicile \u00e0 Cannes\"\n            loading=\"lazy\"\n          \/>\n        <\/div>\n      <\/figure>\n    <\/div>\n    \n\n  <\/div>\n<\/div>\n\n\n\n<!-- =========================\nSECTION : R\u00c9F\u00c9RENCES ET APPROCHE\n========================= -->\n\n<div class=\"la-encadre la-encadre--narrow animated-image\" style=\"margin:28px auto;\">\n  <h3 class=\"wp-block-heading\"><strong>R\u00e9f\u00e9rences et approche<\/strong><\/h3>\n\n  <p class=\"animated-image\" style=\"margin:0;\">\n    Form\u00e9 en <strong>massage<\/strong> et en <strong>ost\u00e9opathie<\/strong>, j\u2019adapte chaque s\u00e9ance avec pr\u00e9cision, selon vos priorit\u00e9s et votre confort.\n    Pour en savoir plus : <a href=\"https:\/\/louisaliotta.com\/a-propos\/\" class=\"la-link-soft\">mon parcours<\/a>.\n  <\/p>\n<\/div>\n\n\n\n<!-- =========================\nCTA \u2014 STANDARD (Cannes)\n========================= -->\n\n<div class=\"la-encadre la-encadre--narrow animated-image\" style=\"text-align:center; margin:28px auto;\">\n  <h2 class=\"wp-block-heading\" style=\"margin-top:0;\"><strong>Massage pour hommes \u00e0 Cannes \u2013 Me contacter<\/strong><\/h2>\n\n  <p style=\"margin:0 0 16px 0;\">\n    Pour une demande, un cr\u00e9neau ou une question, vous pouvez me contacter directement.\n  <\/p>\n\n  <a class=\"la-review-btn\" href=\"https:\/\/wa.me\/33602710818\" target=\"_blank\" rel=\"noopener noreferrer\">\n    Me contacter.\n  <\/a>\n<\/div>\n\n\n\n<style>\n\/* =====================================================\nLIENS DISCRETS (uniquement .la-link-soft)\n===================================================== *\/\n.la-link-soft{\n  color:inherit !important;\n  text-decoration:none !important;\n  font-weight:inherit !important;\n  cursor:default !important;\n  -webkit-tap-highlight-color: transparent;\n}\n.la-link-soft:hover,\n.la-link-soft:focus,\n.la-link-soft:active{\n  color:inherit !important;\n  text-decoration:none !important;\n  outline:none !important;\n}\n\n\/* Liens dor\u00e9s premium (h\u00f4tels) *\/\n.la-link-gold{\n  color:#9b7e3c !important;\n  font-weight:600;\n  text-decoration:none !important;\n  cursor:pointer !important;\n}\n.la-link-gold:hover,\n.la-link-gold:focus{ opacity:.9; }\n\n\/* Boutons & CTA *\/\n.la-review-btn,\nbutton,\ninput[type=\"submit\"],\na.la-review-btn{\n  cursor:pointer !important;\n}\n\n\/* =====================================================\nENCADR\u00c9S PREMIUM\n===================================================== *\/\n.la-encadre{\n  width:100%;\n  max-width:740px;\n  margin-left:auto !important;\n  margin-right:auto !important;\n  box-sizing:border-box;\n  border:1px solid #d1b37f;\n  background:#ffffff;\n  border-radius:16px;\n  padding:24px 20px;\n}\n.la-encadre--narrow{ max-width:740px; }\n\n\/* Titres dans encadr\u00e9s *\/\n.la-encadre .wp-block-heading{\n  margin-top:0 !important;\n  margin-bottom:14px !important;\n  line-height:1.2;\n}\n.la-encadre p{ margin:0 0 14px 0; }\n.la-encadre p:last-child{ margin-bottom:0; }\n\n\/* =====================================================\nM\u00c9DIAS (IMAGE + VID\u00c9O) \u2014 cadre dor\u00e9\n===================================================== *\/\n.la-photo{\n  width:100%;\n  max-width:740px;\n  margin-left:auto !important;\n  margin-right:auto !important;\n  position:relative;\n  border-radius:24px;\n  overflow:hidden;\n  margin:0;\n  box-sizing:border-box;\n}\n.la-photo::after{\n  content:\"\";\n  position:absolute;\n  inset:0;\n  border:1px solid #d1b37f;\n  border-radius:24px;\n  pointer-events:none;\n  z-index:3;\n  opacity:0;\n  transition:opacity .35s ease;\n}\n.la-photo.show::after{ opacity:1; }\n.la-photo-inner{ position:relative; z-index:1; }\n.la-photo img,\n.la-photo video{\n  display:block;\n  width:100%;\n  height:auto;\n  border-radius:24px;\n}\n.la-video{\n  display:block;\n  width:100%;\n  height:auto;\n  border-radius:24px;\n}\n\n\/* =====================================================\nREVEAL GLOBAL\n===================================================== *\/\n.animated-image{\n  opacity:0;\n  transform:translateY(16px);\n  transition:opacity .6s ease, transform .6s ease;\n  will-change:opacity, transform;\n}\n.animated-image.show{\n  opacity:1;\n  transform:translateY(0);\n}\n.animated-image.show .animated-image{\n  opacity:1;\n  transform:translateY(0);\n}\n\n\/* =====================================================\nLISTES (puces dor\u00e9es)\n===================================================== *\/\n.la-bullets{\n  list-style:none;\n  padding-left:0;\n  margin:14px 0 16px 0;\n}\n.la-bullets li{\n  position:relative;\n  padding-left:18px;\n  margin:8px 0;\n}\n.la-bullets li::before{\n  content:\"\u2022\";\n  position:absolute;\n  left:0;\n  top:0;\n  color:#d1b37f;\n  font-weight:700;\n  line-height:1;\n}\n\n\/* =====================================================\nMOBILE \u2014 anti d\u00e9bordement\n===================================================== *\/\n@media (max-width:781px){\n  html, body{ overflow-x:hidden; }\n  .wp-block-columns{\n    margin-left:0 !important;\n    margin-right:0 !important;\n    padding-left:0 !important;\n    padding-right:0 !important;\n  }\n  .wp-block-column{\n    padding-left:0 !important;\n    padding-right:0 !important;\n  }\n}\n\n\/* =====================================================\nACCESSIBILIT\u00c9\n===================================================== *\/\n@media (prefers-reduced-motion: reduce){\n  .animated-image{\n    opacity:1 !important;\n    transform:none !important;\n    transition:none !important;\n  }\n  .la-photo::after{\n    opacity:1 !important;\n    transition:none !important;\n  }\n}\n<\/style>\n\n\n<script>\ndocument.addEventListener(\"DOMContentLoaded\", function () {\n\n  \/* Autoplay vid\u00e9o robuste *\/\n  const videos = Array.from(document.querySelectorAll(\"video.la-video, .la-photo video\"));\n  const tryPlay = (v) => {\n    try{\n      v.muted = true;\n      v.setAttribute(\"muted\",\"\");\n      v.setAttribute(\"playsinline\",\"\");\n      v.setAttribute(\"webkit-playsinline\",\"\");\n      v.autoplay = true;\n      const p = v.play();\n      if (p && typeof p.catch === \"function\") p.catch(() => {});\n    }catch(e){}\n  };\n  videos.forEach(tryPlay);\n\n  \/* Fallback iOS : relance au premier geste *\/\n  const kick = () => {\n    videos.forEach(v => { if (v.paused) tryPlay(v); });\n    window.removeEventListener(\"touchstart\", kick);\n    window.removeEventListener(\"scroll\", kick);\n  };\n  window.addEventListener(\"touchstart\", kick, { passive:true });\n  window.addEventListener(\"scroll\", kick, { passive:true });\n\n  \/* Reveal *\/\n  const revealEls = Array.from(\n    document.querySelectorAll(\".animated-image, .la-photo, .la-photo-inner, .la-encadre\")\n  );\n  if (!revealEls.length) return;\n\n  const show = (el) => {\n    el.classList.add(\"show\");\n    el.querySelectorAll?.(\".animated-image\").forEach(child => child.classList.add(\"show\"));\n  };\n\n  if (!(\"IntersectionObserver\" in window)) {\n    revealEls.forEach(show);\n    return;\n  }\n\n  const io = new IntersectionObserver((entries) => {\n    entries.forEach(entry => {\n      if (!entry.isIntersecting) return;\n\n      show(entry.target);\n\n      if (entry.target.classList.contains(\"la-photo-inner\")) {\n        const fig = entry.target.closest(\".la-photo\");\n        if (fig) fig.classList.add(\"show\");\n      }\n\n      io.unobserve(entry.target);\n    });\n  }, { threshold: 0.12, rootMargin: \"0px 0px -10% 0px\" });\n\n  revealEls.forEach(el => io.observe(el));\n});\n<\/script>","protected":false},"excerpt":{"rendered":"<p>A massage is just like a movie, really relaxing and a total escape, except in a massage you\u2019re the star. \u2014 Elizabeth Jane Howard Vous recherchez un massage pour hommes \u00e0 Cannes ? J\u2019interviens directement chez vous, dans votre h\u00f4tel ou votre lieu de s\u00e9jour, avec une approche personnalis\u00e9e. Massage pour hommes \u2013 Cannes Cannes [&hellip;]<\/p>\n","protected":false},"author":1,"featured_media":3255,"parent":0,"menu_order":0,"comment_status":"closed","ping_status":"closed","template":"","meta":{"_uag_custom_page_level_css":"","footnotes":""},"class_list":["post-2331","page","type-page","status-publish","has-post-thumbnail","hentry"],"uagb_featured_image_src":{"full":["https:\/\/louisaliotta.com\/wp-content\/uploads\/2025\/11\/massage-cannes-louis-aliotta.webp",1920,1280,false],"thumbnail":["https:\/\/louisaliotta.com\/wp-content\/uploads\/2025\/11\/massage-cannes-louis-aliotta-150x150.webp",150,150,true],"medium":["https:\/\/louisaliotta.com\/wp-content\/uploads\/2025\/11\/massage-cannes-louis-aliotta-300x200.webp",300,200,true],"medium_large":["https:\/\/louisaliotta.com\/wp-content\/uploads\/2025\/11\/massage-cannes-louis-aliotta-768x512.webp",768,512,true],"large":["https:\/\/louisaliotta.com\/wp-content\/uploads\/2025\/11\/massage-cannes-louis-aliotta-1024x683.webp",1024,683,true],"1536x1536":["https:\/\/louisaliotta.com\/wp-content\/uploads\/2025\/11\/massage-cannes-louis-aliotta-1536x1024.webp",1536,1024,true],"2048x2048":["https:\/\/louisaliotta.com\/wp-content\/uploads\/2025\/11\/massage-cannes-louis-aliotta.webp",1920,1280,false],"trp-custom-language-flag":["https:\/\/louisaliotta.com\/wp-content\/uploads\/2025\/11\/massage-cannes-louis-aliotta-18x12.webp",18,12,true]},"uagb_author_info":{"display_name":"admin1614","author_link":"https:\/\/louisaliotta.com\/en\/author\/admin1614\/"},"uagb_comment_info":0,"uagb_excerpt":"A massage is just like a movie, really relaxing and a total escape, except in a massage you\u2019re the star. \u2014 Elizabeth Jane Howard Vous recherchez un massage pour hommes \u00e0 Cannes ? J\u2019interviens directement chez vous, dans votre h\u00f4tel ou votre lieu de s\u00e9jour, avec une approche personnalis\u00e9e. Massage pour hommes \u2013 Cannes Cannes&hellip;","_links":{"self":[{"href":"https:\/\/louisaliotta.com\/en\/wp-json\/wp\/v2\/pages\/2331","targetHints":{"allow":["GET"]}}],"collection":[{"href":"https:\/\/louisaliotta.com\/en\/wp-json\/wp\/v2\/pages"}],"about":[{"href":"https:\/\/louisaliotta.com\/en\/wp-json\/wp\/v2\/types\/page"}],"author":[{"embeddable":true,"href":"https:\/\/louisaliotta.com\/en\/wp-json\/wp\/v2\/users\/1"}],"replies":[{"embeddable":true,"href":"https:\/\/louisaliotta.com\/en\/wp-json\/wp\/v2\/comments?post=2331"}],"version-history":[{"count":48,"href":"https:\/\/louisaliotta.com\/en\/wp-json\/wp\/v2\/pages\/2331\/revisions"}],"predecessor-version":[{"id":4771,"href":"https:\/\/louisaliotta.com\/en\/wp-json\/wp\/v2\/pages\/2331\/revisions\/4771"}],"wp:featuredmedia":[{"embeddable":true,"href":"https:\/\/louisaliotta.com\/en\/wp-json\/wp\/v2\/media\/3255"}],"wp:attachment":[{"href":"https:\/\/louisaliotta.com\/en\/wp-json\/wp\/v2\/media?parent=2331"}],"curies":[{"name":"wp","href":"https:\/\/api.w.org\/{rel}","templated":true}]}}