{"id":2543,"date":"2025-05-17T19:54:30","date_gmt":"2025-05-17T17:54:30","guid":{"rendered":"https:\/\/louisaliotta.com\/?page_id=2543"},"modified":"2025-05-17T19:54:32","modified_gmt":"2025-05-17T17:54:32","slug":"massage-senior-saint-tropez","status":"publish","type":"page","link":"https:\/\/louisaliotta.com\/en\/massage-senior-saint-tropez\/","title":{"rendered":"Massage for Seniors in Saint-Tropez"},"content":{"rendered":"<h2 class=\"wp-block-heading\"><strong>Why offer massage to older adults?<\/strong><\/h2>\n\n\n\n<div class=\"wp-block-columns is-layout-flex wp-container-core-columns-is-layout-28f84493 wp-block-columns-is-layout-flex\">\n<div class=\"wp-block-column is-layout-flow wp-block-column-is-layout-flow\">\n<figure class=\"wp-block-image size-large\"><img loading=\"lazy\" decoding=\"async\" width=\"576\" height=\"1024\" src=\"https:\/\/louisaliotta.com\/wp-content\/uploads\/2025\/05\/massage-senior-saint-tropez-576x1024.webp\" alt=\"Massage pour senior \u00e0 Saint-Tropez\" class=\"wp-image-2545\" srcset=\"https:\/\/louisaliotta.com\/wp-content\/uploads\/2025\/05\/massage-senior-saint-tropez-576x1024.webp 576w, https:\/\/louisaliotta.com\/wp-content\/uploads\/2025\/05\/massage-senior-saint-tropez-169x300.webp 169w, https:\/\/louisaliotta.com\/wp-content\/uploads\/2025\/05\/massage-senior-saint-tropez-7x12.webp 7w, https:\/\/louisaliotta.com\/wp-content\/uploads\/2025\/05\/massage-senior-saint-tropez.webp 675w\" sizes=\"auto, (max-width: 576px) 100vw, 576px\" \/><\/figure>\n<\/div>\n\n\n\n<div class=\"wp-block-column is-vertically-aligned-center is-layout-flow wp-block-column-is-layout-flow\">\n<p class=\"animated-image\">With age, the body becomes fragile: chronic pain, muscle stiffness, sleep disorders, anxiety, social isolation, etc. <\/p>\n\n\n\n<p class=\"animated-image\">Massage, with its tactile, human, and restorative dimension, offers a comprehensive response to these various ailments. Far from being a luxury, it is now recognized as a supportive treatment, beneficial both physically and psychologically.<\/p>\n\n\n\n<p class=\"animated-image\">Massage allows you to recreate a deep connection with yourself, to find bodily comfort, while providing a moment of calm, serenity and presence. <\/p>\n\n\n\n<p class=\"animated-image\">At home or in an institution, it offers personalized, gentle support, adapted to the pace and state of health of each senior.<\/p>\n<\/div>\n<\/div>\n\n\n\n<hr class=\"wp-block-separator has-alpha-channel-opacity\"\/>\n\n\n\n<h2 class=\"wp-block-heading\"><strong>Physiological benefits<\/strong><\/h2>\n\n\n\n<div style=\"border: 1px solid #d1b37f; padding: 24px; border-radius: 16px; background-color: #ffffff; font-family: Georgia, serif; max-width: 720px; margin: 32px auto; font-size: 1rem; line-height: 1.7;\">\n \n  <ul style=\"padding-left: 1.2em; margin-top: 12px;\">\n    <li><strong>Chronic pain relief<\/strong> : massage helps to soothe pain linked to osteoarthritis, muscle contractures or lower back pain <sup>(1)<\/sup>.<\/li>\n    <li><strong>Improved blood circulation<\/strong> : by stimulating the tissues, it promotes oxygenation and nutrition of the cells, while activating lymphatic circulation <sup>(2)<\/sup>.<\/li>\n    <li><strong>Mobility and flexibility<\/strong> : gentle techniques help maintain joint range of motion and relax stiff muscles <sup>(3)<\/sup>.<\/li>\n    <li><strong>Deeper, more restful sleep<\/strong> : by lowering stress levels, massage promotes sleep and limits nighttime awakenings <sup>(4)<\/sup>.<\/li>\n    <li><strong>Beneficial effects on digestion and respiration<\/strong> : certain movements stimulate intestinal transit or clear the rib cage <sup>(5)<\/sup>.<\/li>\n  <\/ul>\n<\/div>\n\n\n\n<hr class=\"wp-block-separator has-alpha-channel-opacity\"\/>\n\n\n\n<h2 class=\"wp-block-heading\"><strong>Psychological and cognitive effects<\/strong><\/h2>\n\n\n\n<div style=\"border: 1px solid #d1b37f; padding: 24px; border-radius: 16px; background-color: #ffffff; font-family: Georgia, serif; max-width: 720px; margin: 32px auto; font-size: 1rem; line-height: 1.7;\">\n  <ul style=\"padding-left: 1.2em; margin-top: 12px;\">\n    <li><strong>Reduction of anxiety<\/strong> : massage promotes the secretion of endorphins and reduces stress hormones, providing mental relief <sup>(6)<\/sup>.<\/li>\n    <li><strong>Improved mood<\/strong> : it can help combat mild depressive symptoms or those related to isolation <sup>(7)<\/sup>.<\/li>\n    <li><strong>Relief of behavioral disorders<\/strong> : in people with dementia, touch helps reduce agitation and aggression <sup>(8)<\/sup>.<\/li>\n    <li><strong>Strengthened human connection<\/strong> : massage restores a caring contact, essential for seniors who have lost their bearings or social ties <sup>(9)<\/sup>.<\/li>\n  <\/ul>\n<\/div>\n\n\n\n<hr class=\"wp-block-separator has-alpha-channel-opacity\"\/>\n\n\n\n<h2 class=\"wp-block-heading\"><strong>Precautions and appropriate techniques<\/strong><\/h2>\n\n\n\n<div style=\"border: 1px solid #d1b37f; padding: 24px; border-radius: 16px; background-color: #ffffff; font-family: Georgia, serif; max-width: 720px; margin: 32px auto; font-size: 1rem; line-height: 1.7;\">\n  <ul style=\"padding-left: 1.2em; margin-top: 12px;\">\n    <li><strong>Preliminary assessment<\/strong> : each session takes into account the state of health, treatments, mobility and possible contraindications.<\/li>\n    <li><strong>Gentle and gradual movements<\/strong> : we favor effleurage, sliding pressure, light kneading and passive mobilizations.<\/li>\n    <li><strong>Skin protection<\/strong> : use of gentle oils or creams, respect for fragile areas, absence of aggressive friction.<\/li>\n    <li><strong>Adapted positioning<\/strong> : massage in a chair, on the back or in a side position depending on ability, without forcing.<\/li>\n    <li><strong>Adjusted session duration<\/strong> : 20 to 45 minutes are enough, with a slow and gentle pace.<\/li>\n  <\/ul>\n<\/div>\n\n\n\n<hr class=\"wp-block-separator has-alpha-channel-opacity\"\/>\n\n\n\n<h2 class=\"wp-block-heading\"><strong>Massage for seniors in establishments or at home<\/strong><\/h2>\n\n\n\n<p class=\"animated-image\">\u2022 In nursing homes or geriatric hospitals, massage is increasingly used as a non-drug tool in the management of anxiety, pain or cognitive disorders.<\/p>\n\n\n\n<p class=\"animated-image\">\u2022 At home, it helps maintain a human connection, improve daily comfort, and support the elderly person&#039;s ability to remain at home.<\/p>\n\n\n\n<p class=\"animated-image\">\u2022 Numerous clinical studies validate these practices, and some establishments now integrate them into individualized care plans.<\/p>\n\n\n\n<hr class=\"wp-block-separator has-alpha-channel-opacity\"\/>\n\n\n\n<h3 class=\"wp-block-heading\">References and quality of care<\/h3>\n\n\n\n<div class=\"wp-block-columns is-layout-flex wp-container-core-columns-is-layout-28f84493 wp-block-columns-is-layout-flex\">\n<div class=\"wp-block-column is-layout-flow wp-block-column-is-layout-flow\" style=\"flex-basis:100%\">\n<div class=\"wp-block-columns is-layout-flex wp-container-core-columns-is-layout-28f84493 wp-block-columns-is-layout-flex\">\n<div class=\"wp-block-column is-layout-flow wp-block-column-is-layout-flow\" style=\"flex-basis:100%\">\n<div class=\"wp-block-columns is-layout-flex wp-container-core-columns-is-layout-28f84493 wp-block-columns-is-layout-flex\">\n<div class=\"wp-block-column is-vertically-aligned-center is-layout-flow wp-block-column-is-layout-flow\">\n<div style=\"border: 1px solid #d1b37f; padding: 24px; border-radius: 16px; background-color: #ffffff; max-width: 620px; margin: 32px auto; font-family: 'Georgia', serif; text-align: center;\">\n  <p style=\"font-size: 1rem; color: #3b3b3b; line-height: 1.6; margin: 0;\">\n    With a background in massage and osteopathy, I bring a methodical, high-quality approach to every session, guided by professionalism and genuine attentiveness to your needs.<br>\n    Find out more about <a href=\"https:\/\/louisaliotta.com\/en\/a-propos\/\" style=\"color: #9b7e3c; text-decoration: none;\"><strong>my journey<\/strong><\/a>.\n  <\/p>\n<\/div>\n<\/div>\n\n\n\n<div class=\"wp-block-column is-layout-flow wp-block-column-is-layout-flow\">\n<figure class=\"wp-block-image size-large\"><img loading=\"lazy\" decoding=\"async\" width=\"707\" height=\"1024\" src=\"https:\/\/louisaliotta.com\/wp-content\/uploads\/2025\/05\/masseur-senior-saint-tropez-707x1024.webp\" alt=\"Masseur pour senior \u00e0 Saint-Tropez\" class=\"wp-image-2546\" srcset=\"https:\/\/louisaliotta.com\/wp-content\/uploads\/2025\/05\/masseur-senior-saint-tropez-707x1024.webp 707w, https:\/\/louisaliotta.com\/wp-content\/uploads\/2025\/05\/masseur-senior-saint-tropez-207x300.webp 207w, https:\/\/louisaliotta.com\/wp-content\/uploads\/2025\/05\/masseur-senior-saint-tropez-768x1112.webp 768w, https:\/\/louisaliotta.com\/wp-content\/uploads\/2025\/05\/masseur-senior-saint-tropez-1061x1536.webp 1061w, https:\/\/louisaliotta.com\/wp-content\/uploads\/2025\/05\/masseur-senior-saint-tropez-1414x2048.webp 1414w, https:\/\/louisaliotta.com\/wp-content\/uploads\/2025\/05\/masseur-senior-saint-tropez-8x12.webp 8w, https:\/\/louisaliotta.com\/wp-content\/uploads\/2025\/05\/masseur-senior-saint-tropez-scaled.webp 1768w\" sizes=\"auto, (max-width: 707px) 100vw, 707px\" \/><\/figure>\n<\/div>\n<\/div>\n<\/div>\n<\/div>\n<\/div>\n<\/div>\n\n\n\n<hr class=\"wp-block-separator has-alpha-channel-opacity\"\/>\n\n\n\n<h2 class=\"wp-block-heading\"><strong>Book a massage <\/strong><\/h2>\n\n\n\n<p class=\"animated-image\">Each massage is carefully tailored to the individual&#039;s rhythm, expectations, and integrity. Beyond touch, it&#039;s a true encounter, bringing calm, attentiveness, and consideration.<\/p>\n\n\n\n<p class=\"has-text-align-center\"><strong>Massage for Seniors in Saint-Tropez<\/strong> <strong>\u2013 Easily book your session.<\/strong><\/p>\n\n\n\n<div class=\"cta-wrapper\" style=\"text-align: center; margin: 32px auto;\">\n  <a href=\"https:\/\/wa.me\/33602710818\" style=\"    display: inline-block;    background-color: #3e3d3b; \/* gris anthracite profond *\/    color: #d1b37f; \/* dor\u00e9 \u00e9l\u00e9gant *\/    padding: 12px 28px;    font-family: &#039;Georgia&#039;, serif;    font-size: 1rem;    font-weight: 500;    text-transform: uppercase;    letter-spacing: 0.5px;    border-radius: 8px;    text-decoration: none;    transition: background-color 0.3s ease, color 0.3s ease;  \" onmouseover=\"this.style.backgroundColor=&#039;#2e2d2b&#039;; this.style.color=&#039;#e8cc8f&#039;\" onmouseout=\"this.style.backgroundColor=&#039;#3e3d3b&#039;; this.style.color=&#039;#d1b37f&#039;\" target=\"_blank\" rel=\"noopener\">\n    BOOK NOW !\n  <\/a>\n<\/div>\n\n\n\n<h3 class=\"wp-block-heading\"><strong>References<\/strong><\/h3>\n\n\n\n<p>1. Romanowski, Mateusz &amp; Romanowska, Joanna &amp; Grze\u015bkowiak, Marcin. (2012). A comparison of the effects of deep tissue massage and therapeutic massage on chronic low back pain. Studies in health technology and informatics. 176. 411-4. 10.3233\/978-1-61499-067-3-411.<\/p>\n\n\n\n<p>2. Utli, H. (2022). Effects of Massage Therapy on Clinical Symptoms of Older People. J Educ Res Nurs, 19(1), 103-107. https:\/\/doi.org\/10.5152\/jern.2021.09327.<\/p>\n\n\n\n<p>3. Yeun YR. Effectiveness of massage therapy on the range of motion of the shoulder: a systematic review and meta-analysis. J Phys Ther Sci. 2017 Feb;29(2):365-369. doi:10.1589\/jpts.29.365. Epub 2017 Feb 24. PMID: 28265175; PMCID: PMC5333006.<\/p>\n\n\n\n<p>4. Balci, Reva &amp; Ak\u0131n, G\u00fclnur &amp; Ay, Emrah. (2022). The Effect of Back Massage on Sleep Quality: A Systematic Review. Kafkas Journal of Medical Sciences. 12. 179-184. 10.5505\/kjms.2022.25932.<\/p>\n\n\n\n<p>5. Yuan Q, Wang X, Zhou L, Li C, Lu Q, Wang H, Luo J. Abdominal massage for chronic constipation in the elderly: a systematic review and meta-analysis protocol. BMJ Open. 2024 Jan 22;14(1):e074780. doi:10.1136\/bmjopen-2023-074780. PMID: 38262653; PMCID: PMC10806723.<\/p>\n\n\n\n<p>6. Sharpe PA, Williams HG, Granner ML, Hussey JR. A randomized study of the effects of massage therapy compared to guided relaxation on well-being and stress perception among older adults. Ther Med supplement. 2007 Sep;15(3):157-63. doi: 10.1016\/j.ctim.2007.01.004. Epub 2007 Feb 20. PMID: 17709060.<\/p>\n\n\n\n<p>7. Nakano H, Kodama T, Ueda T, Mori I, Tani T, Murata S. Effect of Hand and Foot Massage Therapy on Psychological Factors and EEG Activity in Elderly People Requiring Long-Term Care: A Randomized Cross-Over Study. Brain Sci. 2019 Mar 4;9(3):54. doi:10.3390\/brainsci9030054. PMID: 30836612; PMCID: PMC6468439.<\/p>\n\n\n\n<p>8. Liu X, Zang L, Lu Q, Zhang Y, Meng Q. Effect of Massage and Touch on Agitation in Dementia: A Meta-Analysis. J Clin Nurs. 2025 May;34(5):1948-1964. doi: 10.1111\/jocn.17674. Epub 2025 Feb 4. PMID: 39902611.<\/p>\n\n\n\n<p>9. McFeeters S, Pront L, Cuthbertson L, King L. Massage, a complementary therapy effectively promoting the health and well-being of older people in residential care settings: a review of the literature. Int J Older People Nurs. 2016 Dec;11(4):266-283. doi:10.1111\/opn.12115. Epub 2016 Feb 15. PMID: 26875503.<\/p>\n\n\n\n<hr class=\"wp-block-separator has-alpha-channel-opacity\"\/>\n\n\n\n<script>\ndocument.addEventListener(\"DOMContentLoaded\", function () {\n    const images = document.querySelectorAll(\".animated-image\");\n\n    function handleScroll() {\n        images.forEach(img => {\n            const rect = img.getBoundingClientRect();\n            if (rect.top < window.innerHeight * 0.9) {\n                img.classList.add(\"show\");\n            }\n        });\n    }\n\n    window.addEventListener(\"scroll\", handleScroll);\n    handleScroll(); \/\/ V\u00e9rifie au chargement de la page\n});\n<\/script>","protected":false},"excerpt":{"rendered":"<p>Pourquoi proposer un massage aux personnes \u00e2g\u00e9es ? Avec l\u2019\u00e2ge, le corps se fragilise : douleurs chroniques, raideurs musculaires, troubles du sommeil, anxi\u00e9t\u00e9, isolement social\u2026 Le massage, par sa dimension tactile, humaine et r\u00e9paratrice, offre une r\u00e9ponse globale \u00e0 ces diff\u00e9rents maux. Loin d\u2019\u00eatre un luxe, il s\u2019inscrit aujourd\u2019hui comme un soin de soutien reconnu, [&hellip;]<\/p>\n","protected":false},"author":1,"featured_media":0,"parent":0,"menu_order":0,"comment_status":"closed","ping_status":"closed","template":"","meta":{"_uag_custom_page_level_css":"","footnotes":""},"class_list":["post-2543","page","type-page","status-publish","hentry"],"uagb_featured_image_src":{"full":false,"thumbnail":false,"medium":false,"medium_large":false,"large":false,"1536x1536":false,"2048x2048":false,"trp-custom-language-flag":false},"uagb_author_info":{"display_name":"admin1614","author_link":"https:\/\/louisaliotta.com\/en\/author\/admin1614\/"},"uagb_comment_info":0,"uagb_excerpt":"Pourquoi proposer un massage aux personnes \u00e2g\u00e9es ? Avec l\u2019\u00e2ge, le corps se fragilise : douleurs chroniques, raideurs musculaires, troubles du sommeil, anxi\u00e9t\u00e9, isolement social\u2026 Le massage, par sa dimension tactile, humaine et r\u00e9paratrice, offre une r\u00e9ponse globale \u00e0 ces diff\u00e9rents maux. Loin d\u2019\u00eatre un luxe, il s\u2019inscrit aujourd\u2019hui comme un soin de soutien reconnu,&hellip;","_links":{"self":[{"href":"https:\/\/louisaliotta.com\/en\/wp-json\/wp\/v2\/pages\/2543","targetHints":{"allow":["GET"]}}],"collection":[{"href":"https:\/\/louisaliotta.com\/en\/wp-json\/wp\/v2\/pages"}],"about":[{"href":"https:\/\/louisaliotta.com\/en\/wp-json\/wp\/v2\/types\/page"}],"author":[{"embeddable":true,"href":"https:\/\/louisaliotta.com\/en\/wp-json\/wp\/v2\/users\/1"}],"replies":[{"embeddable":true,"href":"https:\/\/louisaliotta.com\/en\/wp-json\/wp\/v2\/comments?post=2543"}],"version-history":[{"count":1,"href":"https:\/\/louisaliotta.com\/en\/wp-json\/wp\/v2\/pages\/2543\/revisions"}],"predecessor-version":[{"id":2547,"href":"https:\/\/louisaliotta.com\/en\/wp-json\/wp\/v2\/pages\/2543\/revisions\/2547"}],"wp:attachment":[{"href":"https:\/\/louisaliotta.com\/en\/wp-json\/wp\/v2\/media?parent=2543"}],"curies":[{"name":"wp","href":"https:\/\/api.w.org\/{rel}","templated":true}]}}