{"id":3655,"date":"2025-12-12T11:57:52","date_gmt":"2025-12-12T10:57:52","guid":{"rendered":"https:\/\/louisaliotta.com\/?page_id=3655"},"modified":"2026-02-13T08:41:47","modified_gmt":"2026-02-13T07:41:47","slug":"informations-prestations","status":"publish","type":"page","link":"https:\/\/louisaliotta.com\/en\/informations-prestations\/","title":{"rendered":"Informations compl\u00e9mentaires sur certaines prestations"},"content":{"rendered":"<!-- =========================\nPAGES D\u2019INFORMATION \u2014 PAR ZONE\nParis (arrondissements) & Riviera (villes)\n========================= -->\n\n\n<div class=\"la-note animated-image show\">\n\n  <!-- =====================================================\n  PARIS \u2014 ARRONDISSEMENTS (1er au 18e, hors 12e, 13e, 14e)\n  Liens : domicile \u00b7 hommes \u00b7 sportif\n  ====================================================== -->\n  <h3 class=\"wp-block-heading\">Paris \u00b7 Arrondissements<\/h3>\n\n  <h4 class=\"wp-block-heading\">Paris 1er<\/h4>\n  <ul>\n    <li><a class=\"la-link-soft\" href=\"\/en\/massage-paris-1er\/\">Massage at home<\/a><\/li>\n    <li><a class=\"la-link-soft\" href=\"\/en\/massage-homme-paris-1er\/\">Massage pour hommes<\/a><\/li>\n    <li><a class=\"la-link-soft\" href=\"\/en\/massage-sportif-paris-1er\/\">Sports massage:<\/a><\/li>\n  <\/ul>\n\n  <h4 class=\"wp-block-heading\">Paris 2e<\/h4>\n  <ul>\n    <li><a class=\"la-link-soft\" href=\"\/en\/massage-paris-2eme\/\">Massage at home<\/a><\/li>\n    <li><a class=\"la-link-soft\" href=\"\/en\/massage-homme-paris-2eme\/\">Massage pour hommes<\/a><\/li>\n    <li><a class=\"la-link-soft\" href=\"\/en\/massage-sportif-paris-2eme\/\">Sports massage:<\/a><\/li>\n  <\/ul>\n\n  <h4 class=\"wp-block-heading\">Paris 3e<\/h4>\n  <ul>\n    <li><a class=\"la-link-soft\" href=\"\/en\/massage-paris-3eme\/\">Massage at home<\/a><\/li>\n    <li><a class=\"la-link-soft\" href=\"\/en\/massage-homme-paris-3eme\/\">Massage pour hommes<\/a><\/li>\n    <li><a class=\"la-link-soft\" href=\"\/en\/massage-sportif-paris-3eme\/\">Sports massage:<\/a><\/li>\n  <\/ul>\n\n  <h4 class=\"wp-block-heading\">Paris 4e<\/h4>\n  <ul>\n    <li><a class=\"la-link-soft\" href=\"\/en\/massage-paris-4eme\/\">Massage at home<\/a><\/li>\n    <li><a class=\"la-link-soft\" href=\"\/en\/massage-homme-paris-4eme\/\">Massage pour hommes<\/a><\/li>\n    <li><a class=\"la-link-soft\" href=\"\/en\/massage-sportif-paris-4eme\/\">Sports massage:<\/a><\/li>\n  <\/ul>\n\n  <h4 class=\"wp-block-heading\">Paris 5e<\/h4>\n  <ul>\n    <li><a class=\"la-link-soft\" href=\"\/en\/massage-paris-5eme\/\">Massage at home<\/a><\/li>\n    <li><a class=\"la-link-soft\" href=\"\/en\/massage-homme-paris-5eme\/\">Massage pour hommes<\/a><\/li>\n    <li><a class=\"la-link-soft\" href=\"\/en\/massage-sportif-paris-5eme\/\">Sports massage:<\/a><\/li>\n  <\/ul>\n\n  <h4 class=\"wp-block-heading\">Paris 6e<\/h4>\n  <ul>\n    <li><a class=\"la-link-soft\" href=\"\/en\/massage-paris-6eme\/\">Massage at home<\/a><\/li>\n    <li><a class=\"la-link-soft\" href=\"\/en\/massage-homme-paris-6eme\/\">Massage pour hommes<\/a><\/li>\n    <li><a class=\"la-link-soft\" href=\"\/en\/massage-sportif-paris-6eme\/\">Sports massage:<\/a><\/li>\n  <\/ul>\n\n  <h4 class=\"wp-block-heading\">Paris 7e<\/h4>\n  <ul>\n    <li><a class=\"la-link-soft\" href=\"\/en\/massage-paris-7eme\/\">Massage at home<\/a><\/li>\n    <li><a class=\"la-link-soft\" href=\"\/en\/massage-homme-paris-7eme\/\">Massage pour hommes<\/a><\/li>\n    <li><a class=\"la-link-soft\" href=\"\/en\/massage-sportif-paris-7eme\/\">Sports massage:<\/a><\/li>\n  <\/ul>\n\n  <h4 class=\"wp-block-heading\">Paris 8e<\/h4>\n  <ul>\n    <li><a class=\"la-link-soft\" href=\"\/en\/massage-paris-8eme\/\">Massage at home<\/a><\/li>\n    <li><a class=\"la-link-soft\" href=\"\/en\/massage-homme-paris-8eme\/\">Massage pour hommes<\/a><\/li>\n    <li><a class=\"la-link-soft\" href=\"\/en\/massage-sportif-paris-8eme\/\">Sports massage:<\/a><\/li>\n  <\/ul>\n\n  <h4 class=\"wp-block-heading\">Paris 9e<\/h4>\n  <ul>\n    <li><a class=\"la-link-soft\" href=\"\/en\/massage-paris-9eme\/\">Massage at home<\/a><\/li>\n    <li><a class=\"la-link-soft\" href=\"\/en\/massage-homme-paris-9eme\/\">Massage pour hommes<\/a><\/li>\n    <li><a class=\"la-link-soft\" href=\"\/en\/massage-sportif-paris-9eme\/\">Sports massage:<\/a><\/li>\n  <\/ul>\n\n  <h4 class=\"wp-block-heading\">Paris 10e<\/h4>\n  <ul>\n    <li><a class=\"la-link-soft\" href=\"\/en\/massage-paris-10eme\/\">Massage at home<\/a><\/li>\n    <li><a class=\"la-link-soft\" href=\"\/en\/massage-homme-paris-10eme\/\">Massage pour hommes<\/a><\/li>\n    <li><a class=\"la-link-soft\" href=\"\/en\/massage-sportif-paris-10eme\/\">Sports massage:<\/a><\/li>\n  <\/ul>\n\n  <h4 class=\"wp-block-heading\">Paris 11e<\/h4>\n  <ul>\n    <li><a class=\"la-link-soft\" href=\"\/en\/massage-paris-11eme\/\">Massage at home<\/a><\/li>\n    <li><a class=\"la-link-soft\" href=\"\/en\/massage-homme-paris-11eme\/\">Massage pour hommes<\/a><\/li>\n    <li><a class=\"la-link-soft\" href=\"\/en\/massage-sportif-paris-11eme\/\">Sports massage:<\/a><\/li>\n  <\/ul>\n\n  <h4 class=\"wp-block-heading\">Paris 15e<\/h4>\n  <ul>\n    <li><a class=\"la-link-soft\" href=\"\/en\/massage-paris-15eme\/\">Massage at home<\/a><\/li>\n    <li><a class=\"la-link-soft\" href=\"\/en\/massage-homme-paris-15eme\/\">Massage pour hommes<\/a><\/li>\n    <li><a class=\"la-link-soft\" href=\"\/en\/massage-sportif-paris-15eme\/\">Sports massage:<\/a><\/li>\n  <\/ul>\n\n  <h4 class=\"wp-block-heading\">Paris 16e<\/h4>\n  <ul>\n    <li><a class=\"la-link-soft\" href=\"\/en\/massage-paris-16eme\/\">Massage at home<\/a><\/li>\n    <li><a class=\"la-link-soft\" href=\"\/en\/massage-homme-paris-16eme\/\">Massage pour hommes<\/a><\/li>\n    <li><a class=\"la-link-soft\" href=\"\/en\/massage-sportif-paris-16eme\/\">Sports massage:<\/a><\/li>\n  <\/ul>\n\n  <h4 class=\"wp-block-heading\">Paris 17e<\/h4>\n  <ul>\n    <li><a class=\"la-link-soft\" href=\"\/en\/massage-paris-17eme\/\">Massage at home<\/a><\/li>\n    <li><a class=\"la-link-soft\" href=\"\/en\/massage-homme-paris-17eme\/\">Massage pour hommes<\/a><\/li>\n    <li><a class=\"la-link-soft\" href=\"\/en\/massage-sportif-paris-17eme\/\">Sports massage:<\/a><\/li>\n  <\/ul>\n\n  <h4 class=\"wp-block-heading\">Paris 18e<\/h4>\n  <ul>\n    <li><a class=\"la-link-soft\" href=\"\/en\/massage-paris-18eme\/\">Massage at home<\/a><\/li>\n    <li><a class=\"la-link-soft\" href=\"\/en\/massage-homme-paris-18eme\/\">Massage pour hommes<\/a><\/li>\n    <li><a class=\"la-link-soft\" href=\"\/en\/massage-sportif-paris-18eme\/\">Sports massage:<\/a><\/li>\n  <\/ul>\n\n\n  <!-- =====================================================\n  C\u00d4TE D\u2019AZUR \u2014 VILLES (ordre alphab\u00e9tique)\n  ====================================================== -->\n  <h3 class=\"wp-block-heading\">C\u00f4te d\u2019Azur \u00b7 Villes<\/h3>\n\n  <h4 class=\"wp-block-heading\">Antibes<\/h4>\n  <ul>\n    <li><a class=\"la-link-soft\" href=\"\/en\/massage-antibes\/\">Massage at home<\/a><\/li>\n  <li><a class=\"la-link-soft\" href=\"\/en\/entreprise-antibes\/\">Massage en entreprise<\/a><\/li>\n    <li><a class=\"la-link-soft\" href=\"\/en\/massage-homme-antibes\/\">Massage pour hommes<\/a><\/li>\n    <li><a class=\"la-link-soft\" href=\"\/en\/massage-sportif-antibes\/\">Sports massage:<\/a><\/li>\n  <li><a class=\"la-link-soft\" href=\"\/en\/osteopathie-antibes\/\">Ost\u00e9opathie \u00e0 domicile<\/a><\/li>\n  <\/ul>\n\n  <h4 class=\"wp-block-heading\">Beaulieu-sur-Mer<\/h4>\n  <ul>\n    <li><a class=\"la-link-soft\" href=\"\/en\/massage-beaulieu-sur-mer\/\">Massage at home<\/a><\/li>\n    <li><a class=\"la-link-soft\" href=\"\/en\/massage-homme-beaulieu-sur-mer\/\">Massage pour hommes<\/a><\/li>\n    <li><a class=\"la-link-soft\" href=\"\/en\/massage-sportif-beaulieu-sur-mer\/\">Sports massage:<\/a><\/li>\n<li><a class=\"la-link-soft\" href=\"\/en\/osteopathy-beaulieu-sur-mer\/\">Ost\u00e9opathie \u00e0 domicile<\/a><\/li>\n  <\/ul>\n\n  <h4 class=\"wp-block-heading\">Beausoleil<\/h4>\n  <ul>\n    <li><a class=\"la-link-soft\" href=\"\/en\/massage-beausoleil\/\">Massage at home<\/a><\/li>\n    <li><a class=\"la-link-soft\" href=\"\/en\/massage-homme-beausoleil\/\">Massage pour hommes<\/a><\/li>\n    <li><a class=\"la-link-soft\" href=\"\/en\/massage-sportif-beausoleil\/\">Sports massage:<\/a><\/li>\n<li><a class=\"la-link-soft\" href=\"\/en\/osteopathy-beausoleil\/\">Ost\u00e9opathie \u00e0 domicile<\/a><\/li>\n  <\/ul>\n\n  <h4 class=\"wp-block-heading\">Cagnes-sur-Mer<\/h4>\n  <ul>\n    <li><a class=\"la-link-soft\" href=\"\/en\/massage-cagnes-sur-mer\/\">Massage at home<\/a><\/li>\n    <li><a class=\"la-link-soft\" href=\"\/en\/massage-homme-cagnes-sur-mer\/\">Massage pour hommes<\/a><\/li>\n    <li><a class=\"la-link-soft\" href=\"\/en\/massage-sportif-cagnes-sur-mer\/\">Sports massage:<\/a><\/li>\n  <\/ul>\n\n  <h4 class=\"wp-block-heading\">Cannes<\/h4>\n  <ul>\n    <li><a class=\"la-link-soft\" href=\"\/en\/massage-cannes\/\">Massage at home<\/a><\/li>\n  <li><a class=\"la-link-soft\" href=\"\/en\/entreprise-cannes\/\">Massage en entreprise<\/a><\/li>\n    <li><a class=\"la-link-soft\" href=\"\/en\/massage-homme-cannes\/\">Massage pour hommes<\/a><\/li>\n    <li><a class=\"la-link-soft\" href=\"\/en\/massage-sportif-cannes\/\">Sports massage:<\/a><\/li>\n  <li><a class=\"la-link-soft\" href=\"\/en\/osteopathy-cannes\/\">Ost\u00e9opathie \u00e0 domicile<\/a><\/li>\n<\/ul>\n\n  <h4 class=\"wp-block-heading\">Cap d&#039;Ail<\/h4>\n  <ul>\n    <li><a class=\"la-link-soft\" href=\"\/en\/massage-cap-dail\/\">Massage at home<\/a><\/li>\n    <li><a class=\"la-link-soft\" href=\"\/en\/massage-homme-cap-dail\/\">Massage pour hommes<\/a><\/li>\n    <li><a class=\"la-link-soft\" href=\"\/en\/massage-sportif-cap-dail\/\">Sports massage:<\/a><\/li>\n  <\/ul>\n\n  <h4 class=\"wp-block-heading\">Cap d\u2019Antibes<\/h4>\n  <ul>\n    <li><a class=\"la-link-soft\" href=\"\/en\/massage-cap-dantibes\/\">Massage at home<\/a><\/li>\n    <li><a class=\"la-link-soft\" href=\"\/en\/massage-homme-cap-dantibes\/\">Massage pour hommes<\/a><\/li>\n    <li><a class=\"la-link-soft\" href=\"\/en\/massage-sportif-cap-dantibes\/\">Sports massage:<\/a><\/li>\n    <li><a class=\"la-link-soft\" href=\"\/en\/osteopathie-cap-dantibes\/\">Ost\u00e9opathie \u00e0 domicile<\/a><\/li>\n  <\/ul>\n\n\n  <h4 class=\"wp-block-heading\">Eze<\/h4>\n  <ul>\n    <li><a class=\"la-link-soft\" href=\"\/en\/massage-eze\/\">Massage at home<\/a><\/li>\n    <li><a class=\"la-link-soft\" href=\"\/en\/massage-homme-eze\/\">Massage pour hommes<\/a><\/li>\n    <li><a class=\"la-link-soft\" href=\"\/en\/massage-sportif-eze\/\">Sports massage:<\/a><\/li>\n<li><a class=\"la-link-soft\" href=\"\/en\/osteopathie-eze\/\">Ost\u00e9opathie \u00e0 domicile<\/a><\/li>\n  <\/ul>\n\n  <h4 class=\"wp-block-heading\">Menton<\/h4>\n  <ul>\n    <li><a class=\"la-link-soft\" href=\"\/en\/massage-menton\/\">Massage at home<\/a><\/li>\n    <li><a class=\"la-link-soft\" href=\"\/en\/massage-homme-menton\/\">Massage pour hommes<\/a><\/li>\n    <li><a class=\"la-link-soft\" href=\"\/en\/massage-sportif-menton\/\">Sports massage:<\/a><\/li>\n  <\/ul>\n\n  <h4 class=\"wp-block-heading\">Monaco<\/h4>\n  <ul>\n    <li><a class=\"la-link-soft\" href=\"\/en\/massage-monaco\/\">Massage at home<\/a><\/li>\n    <li><a class=\"la-link-soft\" href=\"\/en\/massage-homme-monaco\/\">Massage pour hommes<\/a><\/li>\n    <li><a class=\"la-link-soft\" href=\"\/en\/massage-sportif-monaco\/\">Sports massage:<\/a><\/li>\n  <li><a class=\"la-link-soft\" href=\"\/en\/osteopathie-monaco\/\">Ost\u00e9opathie \u00e0 domicile<\/a><\/li>\n  <\/ul>\n\n  <h4 class=\"wp-block-heading\">Mougins<\/h4>\n  <ul>\n    <li><a class=\"la-link-soft\" href=\"\/en\/massage-mougins\/\">Massage at home<\/a><\/li>\n    <li><a class=\"la-link-soft\" href=\"\/en\/massage-homme-mougins\/\">Massage pour hommes<\/a><\/li>\n    <li><a class=\"la-link-soft\" href=\"\/en\/massage-sportif-mougins\/\">Sports massage:<\/a><\/li>\n  <\/ul>\n\n<h4 class=\"wp-block-heading\">Nice<\/h4>\n<ul>\n  <li><a class=\"la-link-soft\" href=\"\/en\/massage-nice\/\">Massage at home<\/a><\/li>\n  <li><a class=\"la-link-soft\" href=\"\/en\/entreprise-nice\/\">Massage en entreprise<\/a><\/li>\n  <li><a class=\"la-link-soft\" href=\"\/en\/massage-homme-nice\/\">Massage pour hommes<\/a><\/li>\n  <li><a class=\"la-link-soft\" href=\"\/en\/massage-sportif-nice\/\">Sports massage:<\/a><\/li>\n  <li><a class=\"la-link-soft\" href=\"\/en\/osteopathie-nice\/\">Ost\u00e9opathie \u00e0 domicile<\/a><\/li>\n<\/ul>\n\n  <h4 class=\"wp-block-heading\">Saint-Jean-Cap-Ferrat<\/h4>\n  <ul>\n    <li><a class=\"la-link-soft\" href=\"\/en\/massage-saint-jean-cap-ferrat\/\">Massage at home<\/a><\/li>\n    <li><a class=\"la-link-soft\" href=\"\/en\/massage-homme-saint-jean-cap-ferrat\/\">Massage pour hommes<\/a><\/li>\n    <li><a class=\"la-link-soft\" href=\"\/en\/massage-sportif-saint-jean-cap-ferrat\/\">Sports massage:<\/a><\/li>\n<li><a class=\"la-link-soft\" href=\"\/en\/osteopathy-saint-jean-cap-ferrat\/\">Ost\u00e9opathie \u00e0 domicile<\/a><\/li>\n  <\/ul>\n\n<h4 class=\"wp-block-heading\">Saint-Paul-de-Vence<\/h4>\n  <ul>\n    <li><a class=\"la-link-soft\" href=\"\/en\/massage-saint-paul-de-vence\/\">Massage at home<\/a><\/li>\n    <li><a class=\"la-link-soft\" href=\"\/en\/massage-homme-saint-paul-de-vence\/\">Massage pour hommes<\/a><\/li>\n    <li><a class=\"la-link-soft\" href=\"\/en\/massage-sportif-saint-paul-de-vence\/\">Sports massage:<\/a><\/li>\n<li><a class=\"la-link-soft\" href=\"\/en\/osteopathy-saint-paul-de-vence\/\">Ost\u00e9opathie \u00e0 domicile<\/a><\/li>\n  <\/ul>\n\n  <h4 class=\"wp-block-heading\">Saint-Laurent-du-Var<\/h4>\n  <ul>\n    <li><a class=\"la-link-soft\" href=\"\/en\/massage-saint-laurent-du-var\/\">Massage at home<\/a><\/li>\n    <li><a class=\"la-link-soft\" href=\"\/en\/massage-homme-saint-laurent-du-var\/\">Massage pour hommes<\/a><\/li>\n    <li><a class=\"la-link-soft\" href=\"\/en\/massage-sportif-saint-laurent-du-var\/\">Sports massage:<\/a><\/li>\n  <\/ul>\n\n  <h4 class=\"wp-block-heading\">Saint-Tropez<\/h4>\n  <ul>\n    <li><a class=\"la-link-soft\" href=\"\/en\/massage-saint-tropez\/\">Massage at home<\/a><\/li>\n    <li><a class=\"la-link-soft\" href=\"\/en\/massage-hommes-saint-tropez\/\">Massage pour hommes<\/a><\/li>\n    <li><a class=\"la-link-soft\" href=\"\/en\/massage-sportif-saint-tropez\/\">Sports massage:<\/a><\/li>\n  <\/ul>\n\n<h4 class=\"wp-block-heading\">Sophia-Antipolis<\/h4>\n  <ul>\n    <li><a class=\"la-link-soft\" href=\"\/en\/entreprise-sophia-antipolis\/\">Massage en entreprise<\/a><\/li>\n  <\/ul>\n\n<h4 class=\"wp-block-heading\">Roquebrune-cap-Martin<\/h4>\n  <ul>\n    <li><a class=\"la-link-soft\" href=\"\/en\/massage-roquebrune-cap-martin\/\">Massage at home<\/a><\/li>\n    <li><a class=\"la-link-soft\" href=\"\/en\/massage-homme-roquebrune-cap-martin\/\">Massage pour hommes<\/a><\/li>\n    <li><a class=\"la-link-soft\" href=\"\/en\/massage-sportif-roquebrune-cap-martin\/\">Sports massage:<\/a><\/li>\n<li><a class=\"la-link-soft\" href=\"\/en\/osteopathy-roquebrune-cap-martin\/\">Ost\u00e9opathie \u00e0 domicile<\/a><\/li>\n  <\/ul>\n\n  <h4 class=\"wp-block-heading\">Tourrettes-sur-Loup<\/h4>\n  <ul>\n    <li><a class=\"la-link-soft\" href=\"\/en\/massage-tourrettes-sur-loup\/\">Massage at home<\/a><\/li>\n    <li><a class=\"la-link-soft\" href=\"\/en\/massage-homme-tourrettes-sur-loup\/\">Massage pour hommes<\/a><\/li>\n    <li><a class=\"la-link-soft\" href=\"\/en\/massage-sportif-tourrettes-sur-loup\/\">Sports massage:<\/a><\/li>\n  <\/ul>\n\n  <h4 class=\"wp-block-heading\">Vence<\/h4>\n  <ul>\n    <li><a class=\"la-link-soft\" href=\"\/en\/massage-vence\/\">Massage at home<\/a><\/li>\n    <li><a class=\"la-link-soft\" href=\"\/en\/massage-homme-vence\/\">Massage pour hommes<\/a><\/li>\n    <li><a class=\"la-link-soft\" href=\"\/en\/massage-sportif-vence\/\">Sports massage:<\/a><\/li>\n  <\/ul>\n\n  <h4 class=\"wp-block-heading\">Villefranche-sur-Mer<\/h4>\n  <ul>\n    <li><a class=\"la-link-soft\" href=\"\/en\/massage-villefranche-sur-mer\/\">Massage at home<\/a><\/li>\n    <li><a class=\"la-link-soft\" href=\"\/en\/massage-homme-villefranche-sur-mer\/\">Massage pour hommes<\/a><\/li>\n    <li><a class=\"la-link-soft\" href=\"\/en\/massage-sportif-villefranche-sur-mer\/\">Sports massage:<\/a><\/li>\n <li><a class=\"la-link-soft\" href=\"\/en\/osteopathy-villefranche-sur-mer\/\">Ost\u00e9opathie \u00e0 domicile<\/a><\/li>\n  <\/ul>\n\n  <h4 class=\"wp-block-heading\">Villeneuve-Loubet<\/h4>\n  <ul>\n    <li><a class=\"la-link-soft\" href=\"\/en\/massage-villeneuve-loubet\/\">Massage at home<\/a><\/li>\n    <li><a class=\"la-link-soft\" href=\"\/en\/massage-homme-villeneuve-loubet\/\">Massage pour hommes<\/a><\/li>\n    <li><a class=\"la-link-soft\" href=\"\/en\/massage-sportif-villeneuve-loubet\/\">Sports massage:<\/a><\/li>\n  <\/ul>\n\n<\/div>","protected":false},"excerpt":{"rendered":"<p>Paris \u00b7 Arrondissements Paris 1er Massage \u00e0 domicile Massage pour hommes Massage sportif Paris 2e Massage \u00e0 domicile Massage pour hommes Massage sportif Paris 3e Massage \u00e0 domicile Massage pour hommes Massage sportif Paris 4e Massage \u00e0 domicile Massage pour hommes Massage sportif Paris 5e Massage \u00e0 domicile Massage pour hommes Massage sportif Paris 6e [&hellip;]<\/p>\n","protected":false},"author":1,"featured_media":0,"parent":0,"menu_order":0,"comment_status":"closed","ping_status":"closed","template":"","meta":{"_uag_custom_page_level_css":"","footnotes":""},"class_list":["post-3655","page","type-page","status-publish","hentry"],"uagb_featured_image_src":{"full":false,"thumbnail":false,"medium":false,"medium_large":false,"large":false,"1536x1536":false,"2048x2048":false,"trp-custom-language-flag":false},"uagb_author_info":{"display_name":"admin1614","author_link":"https:\/\/louisaliotta.com\/en\/author\/admin1614\/"},"uagb_comment_info":0,"uagb_excerpt":"Paris \u00b7 Arrondissements Paris 1er Massage \u00e0 domicile Massage pour hommes Massage sportif Paris 2e Massage \u00e0 domicile Massage pour hommes Massage sportif Paris 3e Massage \u00e0 domicile Massage pour hommes Massage sportif Paris 4e Massage \u00e0 domicile Massage pour hommes Massage sportif Paris 5e Massage \u00e0 domicile Massage pour hommes Massage sportif Paris 6e&hellip;","_links":{"self":[{"href":"https:\/\/louisaliotta.com\/en\/wp-json\/wp\/v2\/pages\/3655","targetHints":{"allow":["GET"]}}],"collection":[{"href":"https:\/\/louisaliotta.com\/en\/wp-json\/wp\/v2\/pages"}],"about":[{"href":"https:\/\/louisaliotta.com\/en\/wp-json\/wp\/v2\/types\/page"}],"author":[{"embeddable":true,"href":"https:\/\/louisaliotta.com\/en\/wp-json\/wp\/v2\/users\/1"}],"replies":[{"embeddable":true,"href":"https:\/\/louisaliotta.com\/en\/wp-json\/wp\/v2\/comments?post=3655"}],"version-history":[{"count":34,"href":"https:\/\/louisaliotta.com\/en\/wp-json\/wp\/v2\/pages\/3655\/revisions"}],"predecessor-version":[{"id":5409,"href":"https:\/\/louisaliotta.com\/en\/wp-json\/wp\/v2\/pages\/3655\/revisions\/5409"}],"wp:attachment":[{"href":"https:\/\/louisaliotta.com\/en\/wp-json\/wp\/v2\/media?parent=3655"}],"curies":[{"name":"wp","href":"https:\/\/api.w.org\/{rel}","templated":true}]}}