{"id":195,"date":"2025-03-09T12:23:19","date_gmt":"2025-03-09T11:23:19","guid":{"rendered":"https:\/\/louisaliotta.com\/?page_id=195"},"modified":"2026-04-03T21:10:15","modified_gmt":"2026-04-03T19:10:15","slug":"tarifs","status":"publish","type":"page","link":"https:\/\/louisaliotta.com\/fr\/tarifs\/","title":{"rendered":"Tarifs"},"content":{"rendered":"\n<style>\n.la-tarifs-page h2.wp-block-heading {\n  all: unset !important; display: block !important;\n  font-family: 'Cormorant Garamond', Georgia, serif !important;\n  font-size: 1.9rem !important; font-weight: 300 !important;\n  color: #3e3d3b !important; letter-spacing: .06em !important;\n  text-transform: none !important; text-align: left !important;\n  margin: 56px 0 0 0 !important; line-height: 1.2 !important;\n}\n.la-tarifs-page h2.wp-block-heading::before { display: none !important; }\n.la-tarifs-page h2.wp-block-heading::after {\n  content: \"\" !important; display: block !important;\n  width: 40px !important; height: 1px !important;\n  background: #d1b37f !important; opacity: .6 !important; margin: 10px 0 0 0 !important;\n}\n.la-tarifs-page h3.wp-block-heading {\n  all: unset !important; display: block !important;\n  font-family: 'Cormorant Garamond', Georgia, serif !important;\n  font-size: 1rem !important; font-weight: 400 !important;\n  color: #9b7e3c !important; letter-spacing: .14em !important;\n  text-transform: uppercase !important; text-align: left !important;\n  margin: 32px 0 8px 0 !important;\n}\n.la-tarifs-page h3.wp-block-heading::after { display: none !important; }\n.la-tarifs-page .la-intro {\n  border: 1px solid rgba(155,126,60,.3); border-radius: 14px;\n  background: #fff; padding: 24px 22px; margin-bottom: 8px;\n}\n.la-tarifs-page .la-intro p { margin: 0 0 10px 0 !important; }\n.la-tarifs-page .la-intro p:last-child { margin-bottom: 0 !important; }\n.la-tarifs-page .la-note {\n  border: 1px solid rgba(155,126,60,.22); border-radius: 12px;\n  background: #fdfcf9; padding: 16px 20px; margin: 12px 0 0;\n}\n.la-tarifs-cta {\n  margin: 28px 0 0; padding: 28px 28px;\n  border: 1px solid rgba(209,179,127,.4); border-radius: 16px;\n  background: #fff; display: flex; flex-direction: column;\n  align-items: center; justify-content: center; gap: 18px;\n  position: relative; overflow: hidden; text-align: center;\n}\n.la-tarifs-cta::before {\n  content: \"\"; position: absolute; top: 0; left: 50%;\n  transform: translateX(-50%); width: 50px; height: 2px;\n  background: linear-gradient(to right, transparent, #d1b37f, transparent);\n}\n.la-tarifs-cta-text { font-size: 1rem; line-height: 1.6; margin: 0; text-align: center; color: #5a4a27; }\n.la-tarifs-email {\n  display: block; text-align: center; margin-top: 14px;\n  font-family: 'Cormorant Garamond', Georgia, serif;\n  font-size: 1.15rem; letter-spacing: .06em; color: #9b7e3c;\n}\n.la-tarifs-page .la-note a,\n.la-tarifs-page .la-link,\n.la-tarifs-page .la-link-soft { color: inherit !important; font-weight: inherit !important; }\n.la-tarifs-page .la-note a:hover,\n.la-tarifs-page .la-link:hover,\n.la-tarifs-page .la-link-soft:hover { color: #9b7e3c !important; opacity: 1 !important; }\n@media (max-width: 768px) { .la-tarifs-cta { padding: 22px 18px; gap: 14px; } }\n.animated-image { opacity: 0; transform: translateY(14px); transition: opacity .55s ease, transform .55s ease; }\n.animated-image.show { opacity: 1 !important; transform: translateY(0) !important; }\n<\/style>\n\n\n\n\n<div class=\"wp-block-group alignfull la-tarifs-page has-global-padding is-content-justification-center is-layout-constrained wp-container-core-group-is-layout-4bfc6cc5 wp-block-group-is-layout-constrained\" style=\"margin-top:0;margin-bottom:0;padding-top:var(--wp--preset--spacing--superbspacing-xxlarge);padding-right:var(--wp--preset--spacing--superbspacing-small);padding-bottom:var(--wp--preset--spacing--superbspacing-xxlarge);padding-left:var(--wp--preset--spacing--superbspacing-small)\">\n\n\n<div class=\"la-intro\">\n  <p>Je propose des soins ost\u00e9opathiques et des massages,  \u00e0 domicile ou \u00e0 bord. Les massages, qu&rsquo;ils soient relaxants, sportifs ou sur-mesure sont exclusivement orient\u00e9s vers le bien-\u00eatre.<\/p>\n  <p>Mon approche s&rsquo;appuie sur l&rsquo;exigence du geste et s&rsquo;inscrit dans une prise en charge personnalis\u00e9e.<\/p>\n  <p>Bas\u00e9 \u00e0 Nice, j&rsquo;interviens sur la French Riviera comme \u00e0 l&rsquo;international. Les massages peuvent \u00eatre r\u00e9alis\u00e9s par deux praticiens simultan\u00e9ment ou successivement.<\/p>\n<p>Les honoraires varient en fonction du lieu d&rsquo;intervention, de la dur\u00e9e du soin et du nombre de s\u00e9ances.<p>\n<\/div>\n\n\n\n<div style=\"height:40px\" aria-hidden=\"true\" class=\"wp-block-spacer\"><\/div>\n\n\n\n<!-- \u2550\u2550 FRENCH RIVIERA \u2550\u2550 -->\n\n\n<h2 class=\"wp-block-heading\">French Riviera<\/h2>\n\n\n\n<h3 class=\"wp-block-heading\">Domicile<\/h3>\n\n\n\n<div style=\"height:8px\" aria-hidden=\"true\" class=\"wp-block-spacer\"><\/div>\n\n\n\n<table id=\"tablepress-34\" class=\"tablepress tablepress-id-34\">\n<thead>\n<tr class=\"row-1\">\n\t<th class=\"column-1\">Prestation<\/th><th class=\"column-2\">Dur\u00e9e <\/th><th class=\"column-3\">Tarif<\/th>\n<\/tr>\n<\/thead>\n<tbody class=\"row-striping row-hover\">\n<tr class=\"row-2\">\n\t<td class=\"column-1\">Ost\u00e9opathie<\/td><td class=\"column-2\">*<\/td><td class=\"column-3\">150\u20ac<\/td>\n<\/tr>\n<tr class=\"row-3\">\n\t<td class=\"column-1\">Massage<\/td><td class=\"column-2\">60 min<\/td><td class=\"column-3\">150\u20ac<\/td>\n<\/tr>\n<tr class=\"row-4\">\n\t<td class=\"column-1\">Massage<\/td><td class=\"column-2\">90 min<\/td><td class=\"column-3\">200\u20ac<\/td>\n<\/tr>\n<tr class=\"row-5\">\n\t<td class=\"column-1\">Massage<\/td><td class=\"column-2\">120 min<\/td><td class=\"column-3\">250\u20ac<\/td>\n<\/tr>\n<\/tbody>\n<\/table>\n<!-- #tablepress-34 from cache -->\n\n\n\n<div class=\"la-note\">\n  D\u00e9placements inclus dans un rayon d\u2019environ 20 km autour de Nice.<\/div>\n\n\n\n<div style=\"height:24px\" aria-hidden=\"true\" class=\"wp-block-spacer\"><\/div>\n\n\n<!-- CTA French Riviera -->\n\n<div class=\"la-tarifs-cta\">\n  <p class=\"la-tarifs-cta-text\">Massage &amp; ost\u00e9opathie \u00e0 domicile sur la French Riviera.<\/p>\n  <a class=\"la-review-btn\" href=\"https:\/\/wa.me\/33602710818\" target=\"_blank\" rel=\"noopener noreferrer\">Me contacter<\/a>\n<\/div>\n\n\n\n<div style=\"height:40px\" aria-hidden=\"true\" class=\"wp-block-spacer\"><\/div>\n\n\n\n<!-- \u2550\u2550 YACHT & MER \u2550\u2550 -->\n\n\n<h2 class=\"wp-block-heading\">Yacht \u00b7 \u00c0 quai<\/h2>\n\n\n\n<div style=\"height:10px\" aria-hidden=\"true\" class=\"wp-block-spacer\"><\/div>\n\n\n\n<table id=\"tablepress-39\" class=\"tablepress tablepress-id-39\">\n<thead>\n<tr class=\"row-1\">\n\t<th class=\"column-1\">Prestation<\/th><th class=\"column-2\">Dur\u00e9e <\/th><th class=\"column-3\">Tarif<\/th>\n<\/tr>\n<\/thead>\n<tbody class=\"row-striping row-hover\">\n<tr class=\"row-2\">\n\t<td class=\"column-1\">Ost\u00e9opathie<\/td><td class=\"column-2\">*<\/td><td class=\"column-3\">250\u20ac<\/td>\n<\/tr>\n<tr class=\"row-3\">\n\t<td class=\"column-1\">Massage<\/td><td class=\"column-2\">60 min<\/td><td class=\"column-3\">250\u20ac<\/td>\n<\/tr>\n<tr class=\"row-4\">\n\t<td class=\"column-1\">Massage<\/td><td class=\"column-2\">90 min<\/td><td class=\"column-3\">350\u20ac<\/td>\n<\/tr>\n<tr class=\"row-5\">\n\t<td class=\"column-1\">Massage<\/td><td class=\"column-2\">120 min<\/td><td class=\"column-3\">450\u20ac<\/td>\n<\/tr>\n<\/tbody>\n<\/table>\n<!-- #tablepress-39 from cache -->\n\n\n\n<div class=\"la-note\">\n  Les soins \u00e0 quai sont propos\u00e9s dans l&rsquo;ensemble des ports situ\u00e9s entre\n  <a class=\"la-link\" href=\"https:\/\/louisaliotta.com\/massage-cannes\/\">Cannes<\/a>\n  et <a class=\"la-link\" href=\"https:\/\/louisaliotta.com\/massage-monaco\/\">Monaco<\/a>.\n  Pour toute demande au-del\u00e0 de ce p\u00e9rim\u00e8tre, les prestations sont \u00e9tablies sur devis personnalis\u00e9.\n<\/div>\n\n\n\n<div style=\"height:24px\" aria-hidden=\"true\" class=\"wp-block-spacer\"><\/div>\n\n\n\n<h2 class=\"wp-block-heading\">Yacht \u00b7 En mer<\/h2>\n\n\n\n<div style=\"height:10px\" aria-hidden=\"true\" class=\"wp-block-spacer\"><\/div>\n\n\n\n<table id=\"tablepress-33\" class=\"tablepress tablepress-id-33\">\n<thead>\n<tr class=\"row-1\">\n\t<th class=\"column-1\">Prestation<\/th><th class=\"column-2\">Tarif<\/th>\n<\/tr>\n<\/thead>\n<tbody class=\"row-striping row-hover\">\n<tr class=\"row-2\">\n\t<td class=\"column-1\">Demi-journ\u00e9e<\/td><td class=\"column-2\">1 200\u20ac<\/td>\n<\/tr>\n<tr class=\"row-3\">\n\t<td class=\"column-1\">Journ\u00e9e compl\u00e8te<\/td><td class=\"column-2\">2 000\u20ac<\/td>\n<\/tr>\n<\/tbody>\n<\/table>\n<!-- #tablepress-33 from cache -->\n\n\n<!-- CTA Yacht -->\n\n<div class=\"la-tarifs-cta\">\n  <p class=\"la-tarifs-cta-text\">Massage &#038; ost\u00e9opathie \u00e0 bord de votre yacht.<\/p>\n  <a class=\"la-review-btn\" href=\"https:\/\/wa.me\/33602710818\" target=\"_blank\" rel=\"noopener noreferrer\">Me contacter<\/a>\n<\/div>\n\n\n\n<div style=\"height:40px\" aria-hidden=\"true\" class=\"wp-block-spacer\"><\/div>\n\n\n\n<!-- \u2550\u2550 PARIS \u2550\u2550 -->\n\n\n<h2 class=\"wp-block-heading\">Paris<\/h2>\n\n\n\n<h3 class=\"wp-block-heading\">Domicile<\/h3>\n\n\n\n<div style=\"height:10px\" aria-hidden=\"true\" class=\"wp-block-spacer\"><\/div>\n\n\n\n<table id=\"tablepress-21\" class=\"tablepress tablepress-id-21\">\n<thead>\n<tr class=\"row-1\">\n\t<th class=\"column-1\">Prestation<\/th><th class=\"column-2\">Dur\u00e9e <\/th><th class=\"column-3\">Tarif<\/th>\n<\/tr>\n<\/thead>\n<tbody class=\"row-striping row-hover\">\n<tr class=\"row-2\">\n\t<td class=\"column-1\">Ost\u00e9opathie<\/td><td class=\"column-2\">*<\/td><td class=\"column-3\">150\u20ac<\/td>\n<\/tr>\n<tr class=\"row-3\">\n\t<td class=\"column-1\">Massage<\/td><td class=\"column-2\">60 min<\/td><td class=\"column-3\">150\u20ac<\/td>\n<\/tr>\n<tr class=\"row-4\">\n\t<td class=\"column-1\">Massage<\/td><td class=\"column-2\">90 min<\/td><td class=\"column-3\">200\u20ac<\/td>\n<\/tr>\n<tr class=\"row-5\">\n\t<td class=\"column-1\">Massage<\/td><td class=\"column-2\">120 min<\/td><td class=\"column-3\">250\u20ac<\/td>\n<\/tr>\n<\/tbody>\n<\/table>\n<!-- #tablepress-21 from cache -->\n\n\n\n<div class=\"la-note\">\n  J&rsquo;interviens \u00e0 domicile \u00e0 <a class=\"la-link-soft\" href=\"https:\/\/louisaliotta.com\/massage-paris\/\">Paris<\/a>,\n  notamment dans les\n  <a class=\"la-link-soft\" href=\"https:\/\/louisaliotta.com\/massage-paris-1er\/\">1er<\/a>,\n  <a class=\"la-link-soft\" href=\"https:\/\/louisaliotta.com\/massage-paris-2e\/\">2e<\/a>,\n  <a class=\"la-link-soft\" href=\"https:\/\/louisaliotta.com\/massage-paris-3e\/\">3e<\/a>,\n  <a class=\"la-link-soft\" href=\"https:\/\/louisaliotta.com\/massage-paris-4e\/\">4e<\/a>,\n  <a class=\"la-link-soft\" href=\"https:\/\/louisaliotta.com\/massage-paris-5eme\/\">5e<\/a>,\n  <a class=\"la-link-soft\" href=\"https:\/\/louisaliotta.com\/massage-paris-6eme\/\">6e<\/a>,\n  <a class=\"la-link-soft\" href=\"https:\/\/louisaliotta.com\/massage-paris-7eme\/\">7e<\/a>,\n  <a class=\"la-link-soft\" href=\"https:\/\/louisaliotta.com\/massage-paris-8eme\/\">8e<\/a>,\n  <a class=\"la-link-soft\" href=\"https:\/\/louisaliotta.com\/massage-paris-9eme\/\">9e<\/a>,\n  <a class=\"la-link-soft\" href=\"https:\/\/louisaliotta.com\/massage-paris-10eme\/\">10e<\/a>,\n  <a class=\"la-link-soft\" href=\"https:\/\/louisaliotta.com\/massage-paris-11eme\/\">11e<\/a>,\n  <a class=\"la-link-soft\" href=\"https:\/\/louisaliotta.com\/massage-paris-15eme\/\">15e<\/a>,\n  <a class=\"la-link-soft\" href=\"https:\/\/louisaliotta.com\/massage-paris-16eme\/\">16e<\/a>,\n  <a class=\"la-link-soft\" href=\"https:\/\/louisaliotta.com\/massage-paris-17eme\/\">17e<\/a>\n  et <a class=\"la-link-soft\" href=\"https:\/\/louisaliotta.com\/massage-paris-18eme\/\">18e<\/a> arrondissements.\n<\/div>\n\n\n<!-- CTA Paris -->\n\n<div class=\"la-tarifs-cta\">\n  <p class=\"la-tarifs-cta-text\">Massage &amp; ost\u00e9opathie \u00e0 domicile \u00e0 Paris.<\/p>\n  <a class=\"la-review-btn\" href=\"https:\/\/wa.me\/33602710818\" target=\"_blank\" rel=\"noopener noreferrer\">Me contacter<\/a>\n<\/div>\n\n\n\n<div style=\"height:40px\" aria-hidden=\"true\" class=\"wp-block-spacer\"><\/div>\n\n\n\n<!-- \u2550\u2550 INTERNATIONAL \u2550\u2550 -->\n\n\n<h2 class=\"wp-block-heading\">International &amp; \u00c9v\u00e9nementiel<\/h2>\n\n\n\n<div style=\"height:10px\" aria-hidden=\"true\" class=\"wp-block-spacer\"><\/div>\n\n\n\n<div class=\"la-note\">\n  Pour toute demande au-del\u00e0 de 20 km autour de Nice, \u00e0 l&rsquo;\u00e9tranger, ou en \u00e9v\u00e9nementiel, un devis personnalis\u00e9 est \u00e9tabli selon la distance, le temps d&rsquo;acc\u00e8s, les contraintes logistiques et la dur\u00e9e des soins sur place.\n  <p style=\"font-style:italic;color:#888;margin:10px 0 8px;\">R\u00e9ponse g\u00e9n\u00e9ralement sous 24h avec une proposition claire et adapt\u00e9e.<\/p>\n  <a class=\"la-tarifs-email\" href=\"mailto:contact@louisaliotta.com\">contact@louisaliotta.com<\/a>\n<\/div>\n\n\n\n<div style=\"height:40px\" aria-hidden=\"true\" class=\"wp-block-spacer\"><\/div>\n\n\n\n<!-- \u2550\u2550 INFORMATIONS PRATIQUES \u2550\u2550 -->\n\n\n<h3 class=\"wp-block-heading\">Informations pratiques<\/h3>\n\n\n\n<div style=\"height:10px\" aria-hidden=\"true\" class=\"wp-block-spacer\"><\/div>\n\n\n\n<div class=\"la-note\">\n  <ul class=\"la-practical-list\">\n    <li>Une s\u00e9ance d&rsquo;ost\u00e9opathie dure entre 30 et 45 minutes, selon la probl\u00e9matique abord\u00e9e.<\/li>\n    <li>Tous les tarifs sont exprim\u00e9s TTC et incluent les frais de d\u00e9placement.<\/li>\n    <li>Les conditions tarifaires sont susceptibles d&rsquo;\u00e9voluer selon la p\u00e9riode de l&rsquo;ann\u00e9e.<\/li>\n    <li>Moyens de paiement : esp\u00e8ces (\u20ac \/ $ \/ \u00a3), virement, carte bancaire, Paylib et PayPal.<\/li>\n    <li>Certaines prestations font l&rsquo;objet de <a href=\"https:\/\/louisaliotta.com\/fr\/informations-prestations\/\" class=\"la-link-soft\">pages d&rsquo;information sp\u00e9cifiques<\/a>, accessibles depuis le site.<\/li>\n  <\/ul>\n<\/div>\n\n\n<\/div>\n\n\n\n\n<script>\ndocument.addEventListener(\"DOMContentLoaded\", function () {\n  var els = document.querySelectorAll(\".animated-image\");\n  function reveal(){\n    els.forEach(function(el){\n      if (el.getBoundingClientRect().top < window.innerHeight * .9) el.classList.add(\"show\");\n    });\n  }\n  window.addEventListener(\"scroll\", reveal, { passive: true });\n  reveal();\n});\n<\/script>\n","protected":false},"excerpt":{"rendered":"<p>Je propose des soins ost\u00e9opathiques et des massages, \u00e0 domicile ou \u00e0 bord. Les massages, qu&rsquo;ils soient relaxants, sportifs ou sur-mesure sont exclusivement orient\u00e9s vers le bien-\u00eatre. Mon approche s&rsquo;appuie sur l&rsquo;exigence du geste et s&rsquo;inscrit dans une prise en charge personnalis\u00e9e. Bas\u00e9 \u00e0 Nice, j&rsquo;interviens sur la French Riviera comme \u00e0 l&rsquo;international. Les massages [&hellip;]<\/p>\n","protected":false},"author":1,"featured_media":0,"parent":0,"menu_order":0,"comment_status":"closed","ping_status":"closed","template":"","meta":{"_uag_custom_page_level_css":"","footnotes":""},"class_list":["post-195","page","type-page","status-publish","hentry"],"uagb_featured_image_src":{"full":false,"thumbnail":false,"medium":false,"medium_large":false,"large":false,"1536x1536":false,"2048x2048":false,"trp-custom-language-flag":false},"uagb_author_info":{"display_name":"admin1614","author_link":"https:\/\/louisaliotta.com\/fr\/author\/admin1614\/"},"uagb_comment_info":0,"uagb_excerpt":"Je propose des soins ost\u00e9opathiques et des massages, \u00e0 domicile ou \u00e0 bord. Les massages, qu&rsquo;ils soient relaxants, sportifs ou sur-mesure sont exclusivement orient\u00e9s vers le bien-\u00eatre. Mon approche s&rsquo;appuie sur l&rsquo;exigence du geste et s&rsquo;inscrit dans une prise en charge personnalis\u00e9e. Bas\u00e9 \u00e0 Nice, j&rsquo;interviens sur la French Riviera comme \u00e0 l&rsquo;international. Les massages\u2026","_links":{"self":[{"href":"https:\/\/louisaliotta.com\/fr\/wp-json\/wp\/v2\/pages\/195","targetHints":{"allow":["GET"]}}],"collection":[{"href":"https:\/\/louisaliotta.com\/fr\/wp-json\/wp\/v2\/pages"}],"about":[{"href":"https:\/\/louisaliotta.com\/fr\/wp-json\/wp\/v2\/types\/page"}],"author":[{"embeddable":true,"href":"https:\/\/louisaliotta.com\/fr\/wp-json\/wp\/v2\/users\/1"}],"replies":[{"embeddable":true,"href":"https:\/\/louisaliotta.com\/fr\/wp-json\/wp\/v2\/comments?post=195"}],"version-history":[{"count":432,"href":"https:\/\/louisaliotta.com\/fr\/wp-json\/wp\/v2\/pages\/195\/revisions"}],"predecessor-version":[{"id":5944,"href":"https:\/\/louisaliotta.com\/fr\/wp-json\/wp\/v2\/pages\/195\/revisions\/5944"}],"wp:attachment":[{"href":"https:\/\/louisaliotta.com\/fr\/wp-json\/wp\/v2\/media?parent=195"}],"curies":[{"name":"wp","href":"https:\/\/api.w.org\/{rel}","templated":true}]}}