{"id":2072,"date":"2025-05-12T20:42:02","date_gmt":"2025-05-12T18:42:02","guid":{"rendered":"https:\/\/louisaliotta.com\/?page_id=2072"},"modified":"2025-05-12T20:50:10","modified_gmt":"2025-05-12T18:50:10","slug":"massage-vallauris","status":"publish","type":"page","link":"https:\/\/louisaliotta.com\/fr\/massage-vallauris\/","title":{"rendered":"Massage \u00e0 Vallauris | Massage \u00e0 domicile"},"content":{"rendered":"\n<div class=\"wp-block-uagb-container uagb-block-2f170859 alignfull uagb-is-root-container\"><div class=\"uagb-container-inner-blocks-wrap\">\n<div class=\"wp-block-uagb-container uagb-block-de9cf80b\">\n<figure class=\"wp-block-image size-full\"><img loading=\"lazy\" decoding=\"async\" width=\"403\" height=\"718\" src=\"https:\/\/louisaliotta.com\/wp-content\/uploads\/2025\/05\/massage-antibes.jpeg\" alt=\"S\u00e9ance de massage \u00e0 domicile \u00e0 Vallauris par Louis Aliotta, masseur \u00e0 domicile \u00e0 Vallauris\" class=\"wp-image-1730\" srcset=\"https:\/\/louisaliotta.com\/wp-content\/uploads\/2025\/05\/massage-antibes.jpeg 403w, https:\/\/louisaliotta.com\/wp-content\/uploads\/2025\/05\/massage-antibes-168x300.jpeg 168w, https:\/\/louisaliotta.com\/wp-content\/uploads\/2025\/05\/massage-antibes-7x12.jpeg 7w\" sizes=\"auto, (max-width: 403px) 100vw, 403px\" \/><\/figure>\n<\/div>\n\n\n\n<div class=\"wp-block-uagb-container uagb-block-fa836080\">\n<p class=\"animated-image\">Entre littoral et collines, <strong>Vallauris<\/strong> offre un cadre paisible, propice \u00e0 la d\u00e9tente et au recentrage.<\/p>\n\n\n\n<p class=\"animated-image\">Je propose des massages personnalis\u00e9s \u00e0 domicile \u00e0 Vallauris et dans ses environs, que vous soyez r\u00e9sident, de passage ou en s\u00e9jour prolong\u00e9.<\/p>\n\n\n\n<p class=\"animated-image\">Chaque soin est con\u00e7u pour apaiser, relancer les \u00e9nergies et soulager les tensions, avec une attention port\u00e9e \u00e0 votre confort global.<\/p>\n<\/div>\n<\/div><\/div>\n\n\n\n<h3 class=\"wp-block-heading\">Massages \u00e0 domicile disponibles \u00e0 VALLAURIS et GOLFE-JUAN<\/h3>\n\n\n\n<div class=\"wp-block-uagb-container uagb-block-9b1c8039 alignfull uagb-is-root-container\"><div class=\"uagb-container-inner-blocks-wrap\">\n<div class=\"wp-block-uagb-container uagb-block-101c9aeb\">\n<p class=\"animated-image\">Je propose diff\u00e9rents types de massages, selon vos besoins :<\/p>\n\n\n\n<p class=\"animated-image\"><strong>Massage relaxant<\/strong> : soulage le stress, rel\u00e2che les tensions et favorise un apaisement profond.<\/p>\n\n\n\n<p class=\"animated-image\"><strong>Massage sportif<\/strong> : id\u00e9al pour la r\u00e9cup\u00e9ration musculaire ou la pr\u00e9paration physique.<\/p>\n\n\n\n<p class=\"animated-image\"><strong>Massage sur-mesure<\/strong> : adapt\u00e9 \u00e0 votre \u00e9tat physique, \u00e9motionnel et vos attentes du moment.<\/p>\n\n\n\n<p class=\"animated-image\">J\u2019interviens dans tous les quartiers de <strong>Vallauris et Golfe-Juan<\/strong> : centre-ville, super Cannes, les <strong>Issarts<\/strong>, les <strong>Retenauds<\/strong>, et vers le littoral.<\/p>\n\n\n\n<p class=\"animated-image\">Intervention possible \u00e0 domicile, en h\u00f4tel ou \u00e0 bord de votre bateau ou yacht et dans les villes voisines : <a href=\"https:\/\/louisaliotta.com\/massage-antibes\/\">Antibes<\/a>, <a href=\"https:\/\/louisaliotta.com\/massage-cannes\/\">Cannes<\/a>. <\/p>\n<\/div>\n\n\n\n<div class=\"wp-block-uagb-container uagb-block-af16254b\">\n<figure class=\"wp-block-image size-large\"><img loading=\"lazy\" decoding=\"async\" width=\"1024\" height=\"576\" src=\"https:\/\/louisaliotta.com\/wp-content\/uploads\/2025\/05\/massage-domicile-antibes-1024x576.jpeg\" alt=\"Massage \u00e0 domicile \u00e0 Vallauris, prodigu\u00e9 par Louis Aliotta, masseur \u00e0 Vallauris\" class=\"wp-image-1731\" srcset=\"https:\/\/louisaliotta.com\/wp-content\/uploads\/2025\/05\/massage-domicile-antibes-1024x576.jpeg 1024w, https:\/\/louisaliotta.com\/wp-content\/uploads\/2025\/05\/massage-domicile-antibes-300x169.jpeg 300w, https:\/\/louisaliotta.com\/wp-content\/uploads\/2025\/05\/massage-domicile-antibes-768x432.jpeg 768w, https:\/\/louisaliotta.com\/wp-content\/uploads\/2025\/05\/massage-domicile-antibes-18x10.jpeg 18w, https:\/\/louisaliotta.com\/wp-content\/uploads\/2025\/05\/massage-domicile-antibes.jpeg 1472w\" sizes=\"auto, (max-width: 1024px) 100vw, 1024px\" \/><\/figure>\n<\/div>\n<\/div><\/div>\n\n\n\n<h3 class=\"wp-block-heading\"><strong>Pourquoi choisir un massage \u00e0 domicile \u00e0 <\/strong>VALLAURIS ?<\/h3>\n\n\n\n<div class=\"wp-block-uagb-container uagb-block-72dde890 alignfull uagb-is-root-container\"><div class=\"uagb-container-inner-blocks-wrap\">\n<div class=\"wp-block-uagb-container uagb-block-60eb2a68\">\n<p class=\"animated-image\">Un <strong>massage \u00e0 domicile<\/strong> vous \u00e9vite les d\u00e9placements et vous permet de vivre un vrai moment de bien-\u00eatre dans votre propre environnement.<\/p>\n\n\n\n<p class=\"animated-image\">Chaque s\u00e9ance est con\u00e7ue avec finesse et adapt\u00e9e \u00e0 votre rythme, vos besoins et vos attentes personnelles.<\/p>\n\n\n\n<p class=\"animated-image\">Ce service s\u2019adresse aux habitants de Vallauris, aux visiteurs, vacanciers, artistes, sportifs ou professionnels en recherche de r\u00e9cup\u00e9ration ou de rel\u00e2chement profond.<\/p>\n<\/div>\n\n\n\n<div class=\"wp-block-uagb-container uagb-block-a78c7d2a\">\n<figure class=\"wp-block-image size-large\"><img loading=\"lazy\" decoding=\"async\" width=\"576\" height=\"1024\" src=\"https:\/\/louisaliotta.com\/wp-content\/uploads\/2025\/05\/masseur-antibes-576x1024.webp\" alt=\"Masseur \u00e0 Vallauris, Louis Aliotta, masseur \u00e0 domicile \u00e0 Vallauris\" class=\"wp-image-1732\" srcset=\"https:\/\/louisaliotta.com\/wp-content\/uploads\/2025\/05\/masseur-antibes-576x1024.webp 576w, https:\/\/louisaliotta.com\/wp-content\/uploads\/2025\/05\/masseur-antibes-169x300.webp 169w, https:\/\/louisaliotta.com\/wp-content\/uploads\/2025\/05\/masseur-antibes-7x12.webp 7w, https:\/\/louisaliotta.com\/wp-content\/uploads\/2025\/05\/masseur-antibes.webp 675w\" sizes=\"auto, (max-width: 576px) 100vw, 576px\" \/><\/figure>\n<\/div>\n<\/div><\/div>\n\n\n\n<p class=\"has-text-align-center\"><strong>Massage \u00e0 Vallauris \u2013 R\u00e9servez facilement votre s\u00e9ance \u00e0 domicile.<\/strong>a<\/p>\n\n\n\n<div class=\"cta-wrapper\" style=\"text-align: center; margin: 32px auto;\">\n  <a href=\"https:\/\/wa.me\/33602710818\" style=\"\n    display: inline-block;\n    background-color: #3e3d3b; \/* gris anthracite profond *\/\n    color: #d1b37f; \/* dor\u00e9 \u00e9l\u00e9gant *\/\n    padding: 12px 28px;\n    font-family: &#039;Georgia&#039;, serif;\n    font-size: 1rem;\n    font-weight: 500;\n    text-transform: uppercase;\n    letter-spacing: 0.5px;\n    border-radius: 8px;\n    text-decoration: none;\n    transition: background-color 0.3s ease, color 0.3s ease;\n  \" onmouseover=\"this.style.backgroundColor=&#039;#2e2d2b&#039;; this.style.color=&#039;#e8cc8f&#039;\" onmouseout=\"this.style.backgroundColor=&#039;#3e3d3b&#039;; this.style.color=&#039;#d1b37f&#039;\" target=\"_blank\" rel=\"noopener\">\n    R\u00e9servez votre soin\n  <\/a>\n<\/div>\n\n\n\n<script>\ndocument.addEventListener(\"DOMContentLoaded\", function () {\n    const images = document.querySelectorAll(\".animated-image\");\n\n    function handleScroll() {\n        images.forEach(img => {\n            const rect = img.getBoundingClientRect();\n            if (rect.top < window.innerHeight * 0.9) {\n                img.classList.add(\"show\");\n            }\n        });\n    }\n\n    window.addEventListener(\"scroll\", handleScroll);\n    handleScroll(); \/\/ V\u00e9rifie au chargement de la page\n});\n<\/script>\n","protected":false},"excerpt":{"rendered":"<p>Entre littoral et collines, Vallauris offre un cadre paisible, propice \u00e0 la d\u00e9tente et au recentrage. Je propose des massages personnalis\u00e9s \u00e0 domicile \u00e0 Vallauris et dans ses environs, que vous soyez r\u00e9sident, de passage ou en s\u00e9jour prolong\u00e9. Chaque soin est con\u00e7u pour apaiser, relancer les \u00e9nergies et soulager les tensions, avec une attention [&hellip;]<\/p>\n","protected":false},"author":1,"featured_media":0,"parent":0,"menu_order":0,"comment_status":"closed","ping_status":"closed","template":"","meta":{"_uag_custom_page_level_css":"","footnotes":""},"class_list":["post-2072","page","type-page","status-publish","hentry"],"uagb_featured_image_src":{"full":false,"thumbnail":false,"medium":false,"medium_large":false,"large":false,"1536x1536":false,"2048x2048":false,"trp-custom-language-flag":false},"uagb_author_info":{"display_name":"admin1614","author_link":"https:\/\/louisaliotta.com\/fr\/author\/admin1614\/"},"uagb_comment_info":0,"uagb_excerpt":"Entre littoral et collines, Vallauris offre un cadre paisible, propice \u00e0 la d\u00e9tente et au recentrage. Je propose des massages personnalis\u00e9s \u00e0 domicile \u00e0 Vallauris et dans ses environs, que vous soyez r\u00e9sident, de passage ou en s\u00e9jour prolong\u00e9. Chaque soin est con\u00e7u pour apaiser, relancer les \u00e9nergies et soulager les tensions, avec une attention\u2026","_links":{"self":[{"href":"https:\/\/louisaliotta.com\/fr\/wp-json\/wp\/v2\/pages\/2072","targetHints":{"allow":["GET"]}}],"collection":[{"href":"https:\/\/louisaliotta.com\/fr\/wp-json\/wp\/v2\/pages"}],"about":[{"href":"https:\/\/louisaliotta.com\/fr\/wp-json\/wp\/v2\/types\/page"}],"author":[{"embeddable":true,"href":"https:\/\/louisaliotta.com\/fr\/wp-json\/wp\/v2\/users\/1"}],"replies":[{"embeddable":true,"href":"https:\/\/louisaliotta.com\/fr\/wp-json\/wp\/v2\/comments?post=2072"}],"version-history":[{"count":7,"href":"https:\/\/louisaliotta.com\/fr\/wp-json\/wp\/v2\/pages\/2072\/revisions"}],"predecessor-version":[{"id":2086,"href":"https:\/\/louisaliotta.com\/fr\/wp-json\/wp\/v2\/pages\/2072\/revisions\/2086"}],"wp:attachment":[{"href":"https:\/\/louisaliotta.com\/fr\/wp-json\/wp\/v2\/media?parent=2072"}],"curies":[{"name":"wp","href":"https:\/\/api.w.org\/{rel}","templated":true}]}}