{"id":3655,"date":"2025-12-12T11:57:52","date_gmt":"2025-12-12T10:57:52","guid":{"rendered":"https:\/\/louisaliotta.com\/?page_id=3655"},"modified":"2026-02-13T08:41:47","modified_gmt":"2026-02-13T07:41:47","slug":"informations-prestations","status":"publish","type":"page","link":"https:\/\/louisaliotta.com\/fr\/informations-prestations\/","title":{"rendered":"Informations compl\u00e9mentaires sur certaines prestations"},"content":{"rendered":"<!-- =========================\nPAGES D\u2019INFORMATION \u2014 PAR ZONE\nParis (arrondissements) & Riviera (villes)\n========================= -->\n\n\n<div class=\"la-note animated-image show\">\n\n  <!-- =====================================================\n  PARIS \u2014 ARRONDISSEMENTS (1er au 18e, hors 12e, 13e, 14e)\n  Liens : domicile \u00b7 hommes \u00b7 sportif\n  ====================================================== -->\n  <h3 class=\"wp-block-heading\">Paris \u00b7 Arrondissements<\/h3>\n\n  <h4 class=\"wp-block-heading\">Paris 1er<\/h4>\n  <ul>\n    <li><a class=\"la-link-soft\" href=\"\/massage-paris-1er\/\">Massage \u00e0 domicile<\/a><\/li>\n    <li><a class=\"la-link-soft\" href=\"\/massage-homme-paris-1er\/\">Massage pour hommes<\/a><\/li>\n    <li><a class=\"la-link-soft\" href=\"\/massage-sportif-paris-1er\/\">Massage sportif<\/a><\/li>\n  <\/ul>\n\n  <h4 class=\"wp-block-heading\">Paris 2e<\/h4>\n  <ul>\n    <li><a class=\"la-link-soft\" href=\"\/massage-paris-2eme\/\">Massage \u00e0 domicile<\/a><\/li>\n    <li><a class=\"la-link-soft\" href=\"\/massage-homme-paris-2eme\/\">Massage pour hommes<\/a><\/li>\n    <li><a class=\"la-link-soft\" href=\"\/massage-sportif-paris-2eme\/\">Massage sportif<\/a><\/li>\n  <\/ul>\n\n  <h4 class=\"wp-block-heading\">Paris 3e<\/h4>\n  <ul>\n    <li><a class=\"la-link-soft\" href=\"\/massage-paris-3eme\/\">Massage \u00e0 domicile<\/a><\/li>\n    <li><a class=\"la-link-soft\" href=\"\/massage-homme-paris-3eme\/\">Massage pour hommes<\/a><\/li>\n    <li><a class=\"la-link-soft\" href=\"\/massage-sportif-paris-3eme\/\">Massage sportif<\/a><\/li>\n  <\/ul>\n\n  <h4 class=\"wp-block-heading\">Paris 4e<\/h4>\n  <ul>\n    <li><a class=\"la-link-soft\" href=\"\/massage-paris-4eme\/\">Massage \u00e0 domicile<\/a><\/li>\n    <li><a class=\"la-link-soft\" href=\"\/massage-homme-paris-4eme\/\">Massage pour hommes<\/a><\/li>\n    <li><a class=\"la-link-soft\" href=\"\/massage-sportif-paris-4eme\/\">Massage sportif<\/a><\/li>\n  <\/ul>\n\n  <h4 class=\"wp-block-heading\">Paris 5e<\/h4>\n  <ul>\n    <li><a class=\"la-link-soft\" href=\"\/massage-paris-5eme\/\">Massage \u00e0 domicile<\/a><\/li>\n    <li><a class=\"la-link-soft\" href=\"\/massage-homme-paris-5eme\/\">Massage pour hommes<\/a><\/li>\n    <li><a class=\"la-link-soft\" href=\"\/massage-sportif-paris-5eme\/\">Massage sportif<\/a><\/li>\n  <\/ul>\n\n  <h4 class=\"wp-block-heading\">Paris 6e<\/h4>\n  <ul>\n    <li><a class=\"la-link-soft\" href=\"\/massage-paris-6eme\/\">Massage \u00e0 domicile<\/a><\/li>\n    <li><a class=\"la-link-soft\" href=\"\/massage-homme-paris-6eme\/\">Massage pour hommes<\/a><\/li>\n    <li><a class=\"la-link-soft\" href=\"\/massage-sportif-paris-6eme\/\">Massage sportif<\/a><\/li>\n  <\/ul>\n\n  <h4 class=\"wp-block-heading\">Paris 7e<\/h4>\n  <ul>\n    <li><a class=\"la-link-soft\" href=\"\/massage-paris-7eme\/\">Massage \u00e0 domicile<\/a><\/li>\n    <li><a class=\"la-link-soft\" href=\"\/massage-homme-paris-7eme\/\">Massage pour hommes<\/a><\/li>\n    <li><a class=\"la-link-soft\" href=\"\/massage-sportif-paris-7eme\/\">Massage sportif<\/a><\/li>\n  <\/ul>\n\n  <h4 class=\"wp-block-heading\">Paris 8e<\/h4>\n  <ul>\n    <li><a class=\"la-link-soft\" href=\"\/massage-paris-8eme\/\">Massage \u00e0 domicile<\/a><\/li>\n    <li><a class=\"la-link-soft\" href=\"\/massage-homme-paris-8eme\/\">Massage pour hommes<\/a><\/li>\n    <li><a class=\"la-link-soft\" href=\"\/massage-sportif-paris-8eme\/\">Massage sportif<\/a><\/li>\n  <\/ul>\n\n  <h4 class=\"wp-block-heading\">Paris 9e<\/h4>\n  <ul>\n    <li><a class=\"la-link-soft\" href=\"\/massage-paris-9eme\/\">Massage \u00e0 domicile<\/a><\/li>\n    <li><a class=\"la-link-soft\" href=\"\/massage-homme-paris-9eme\/\">Massage pour hommes<\/a><\/li>\n    <li><a class=\"la-link-soft\" href=\"\/massage-sportif-paris-9eme\/\">Massage sportif<\/a><\/li>\n  <\/ul>\n\n  <h4 class=\"wp-block-heading\">Paris 10e<\/h4>\n  <ul>\n    <li><a class=\"la-link-soft\" href=\"\/massage-paris-10eme\/\">Massage \u00e0 domicile<\/a><\/li>\n    <li><a class=\"la-link-soft\" href=\"\/massage-homme-paris-10eme\/\">Massage pour hommes<\/a><\/li>\n    <li><a class=\"la-link-soft\" href=\"\/massage-sportif-paris-10eme\/\">Massage sportif<\/a><\/li>\n  <\/ul>\n\n  <h4 class=\"wp-block-heading\">Paris 11e<\/h4>\n  <ul>\n    <li><a class=\"la-link-soft\" href=\"\/massage-paris-11eme\/\">Massage \u00e0 domicile<\/a><\/li>\n    <li><a class=\"la-link-soft\" href=\"\/massage-homme-paris-11eme\/\">Massage pour hommes<\/a><\/li>\n    <li><a class=\"la-link-soft\" href=\"\/massage-sportif-paris-11eme\/\">Massage sportif<\/a><\/li>\n  <\/ul>\n\n  <h4 class=\"wp-block-heading\">Paris 15e<\/h4>\n  <ul>\n    <li><a class=\"la-link-soft\" href=\"\/massage-paris-15eme\/\">Massage \u00e0 domicile<\/a><\/li>\n    <li><a class=\"la-link-soft\" href=\"\/massage-homme-paris-15eme\/\">Massage pour hommes<\/a><\/li>\n    <li><a class=\"la-link-soft\" href=\"\/massage-sportif-paris-15eme\/\">Massage sportif<\/a><\/li>\n  <\/ul>\n\n  <h4 class=\"wp-block-heading\">Paris 16e<\/h4>\n  <ul>\n    <li><a class=\"la-link-soft\" href=\"\/massage-paris-16eme\/\">Massage \u00e0 domicile<\/a><\/li>\n    <li><a class=\"la-link-soft\" href=\"\/massage-homme-paris-16eme\/\">Massage pour hommes<\/a><\/li>\n    <li><a class=\"la-link-soft\" href=\"\/massage-sportif-paris-16eme\/\">Massage sportif<\/a><\/li>\n  <\/ul>\n\n  <h4 class=\"wp-block-heading\">Paris 17e<\/h4>\n  <ul>\n    <li><a class=\"la-link-soft\" href=\"\/massage-paris-17eme\/\">Massage \u00e0 domicile<\/a><\/li>\n    <li><a class=\"la-link-soft\" href=\"\/massage-homme-paris-17eme\/\">Massage pour hommes<\/a><\/li>\n    <li><a class=\"la-link-soft\" href=\"\/massage-sportif-paris-17eme\/\">Massage sportif<\/a><\/li>\n  <\/ul>\n\n  <h4 class=\"wp-block-heading\">Paris 18e<\/h4>\n  <ul>\n    <li><a class=\"la-link-soft\" href=\"\/massage-paris-18eme\/\">Massage \u00e0 domicile<\/a><\/li>\n    <li><a class=\"la-link-soft\" href=\"\/massage-homme-paris-18eme\/\">Massage pour hommes<\/a><\/li>\n    <li><a class=\"la-link-soft\" href=\"\/massage-sportif-paris-18eme\/\">Massage sportif<\/a><\/li>\n  <\/ul>\n\n\n  <!-- =====================================================\n  C\u00d4TE D\u2019AZUR \u2014 VILLES (ordre alphab\u00e9tique)\n  ====================================================== -->\n  <h3 class=\"wp-block-heading\">C\u00f4te d\u2019Azur \u00b7 Villes<\/h3>\n\n  <h4 class=\"wp-block-heading\">Antibes<\/h4>\n  <ul>\n    <li><a class=\"la-link-soft\" href=\"\/massage-antibes\/\">Massage \u00e0 domicile<\/a><\/li>\n  <li><a class=\"la-link-soft\" href=\"\/entreprise-antibes\/\">Massage en entreprise<\/a><\/li>\n    <li><a class=\"la-link-soft\" href=\"\/massage-homme-antibes\/\">Massage pour hommes<\/a><\/li>\n    <li><a class=\"la-link-soft\" href=\"\/massage-sportif-antibes\/\">Massage sportif<\/a><\/li>\n  <li><a class=\"la-link-soft\" href=\"\/osteopathie-antibes\/\">Ost\u00e9opathie \u00e0 domicile<\/a><\/li>\n  <\/ul>\n\n  <h4 class=\"wp-block-heading\">Beaulieu-sur-Mer<\/h4>\n  <ul>\n    <li><a class=\"la-link-soft\" href=\"\/massage-beaulieu-sur-mer\/\">Massage \u00e0 domicile<\/a><\/li>\n    <li><a class=\"la-link-soft\" href=\"\/massage-homme-beaulieu-sur-mer\/\">Massage pour hommes<\/a><\/li>\n    <li><a class=\"la-link-soft\" href=\"\/massage-sportif-beaulieu-sur-mer\/\">Massage sportif<\/a><\/li>\n<li><a class=\"la-link-soft\" href=\"\/osteopathy-beaulieu-sur-mer\/\">Ost\u00e9opathie \u00e0 domicile<\/a><\/li>\n  <\/ul>\n\n  <h4 class=\"wp-block-heading\">Beausoleil<\/h4>\n  <ul>\n    <li><a class=\"la-link-soft\" href=\"\/massage-beausoleil\/\">Massage \u00e0 domicile<\/a><\/li>\n    <li><a class=\"la-link-soft\" href=\"\/massage-homme-beausoleil\/\">Massage pour hommes<\/a><\/li>\n    <li><a class=\"la-link-soft\" href=\"\/massage-sportif-beausoleil\/\">Massage sportif<\/a><\/li>\n<li><a class=\"la-link-soft\" href=\"\/osteopathy-beausoleil\/\">Ost\u00e9opathie \u00e0 domicile<\/a><\/li>\n  <\/ul>\n\n  <h4 class=\"wp-block-heading\">Cagnes-sur-Mer<\/h4>\n  <ul>\n    <li><a class=\"la-link-soft\" href=\"\/massage-cagnes-sur-mer\/\">Massage \u00e0 domicile<\/a><\/li>\n    <li><a class=\"la-link-soft\" href=\"\/massage-homme-cagnes-sur-mer\/\">Massage pour hommes<\/a><\/li>\n    <li><a class=\"la-link-soft\" href=\"\/massage-sportif-cagnes-sur-mer\/\">Massage sportif<\/a><\/li>\n  <\/ul>\n\n  <h4 class=\"wp-block-heading\">Cannes<\/h4>\n  <ul>\n    <li><a class=\"la-link-soft\" href=\"\/massage-cannes\/\">Massage \u00e0 domicile<\/a><\/li>\n  <li><a class=\"la-link-soft\" href=\"\/entreprise-cannes\/\">Massage en entreprise<\/a><\/li>\n    <li><a class=\"la-link-soft\" href=\"\/massage-homme-cannes\/\">Massage pour hommes<\/a><\/li>\n    <li><a class=\"la-link-soft\" href=\"\/massage-sportif-cannes\/\">Massage sportif<\/a><\/li>\n  <li><a class=\"la-link-soft\" href=\"\/osteopathy-cannes\/\">Ost\u00e9opathie \u00e0 domicile<\/a><\/li>\n<\/ul>\n\n  <h4 class=\"wp-block-heading\">Cap d\u2019Ail<\/h4>\n  <ul>\n    <li><a class=\"la-link-soft\" href=\"\/massage-cap-dail\/\">Massage \u00e0 domicile<\/a><\/li>\n    <li><a class=\"la-link-soft\" href=\"\/massage-homme-cap-dail\/\">Massage pour hommes<\/a><\/li>\n    <li><a class=\"la-link-soft\" href=\"\/massage-sportif-cap-dail\/\">Massage sportif<\/a><\/li>\n  <\/ul>\n\n  <h4 class=\"wp-block-heading\">Cap d\u2019Antibes<\/h4>\n  <ul>\n    <li><a class=\"la-link-soft\" href=\"\/massage-cap-dantibes\/\">Massage \u00e0 domicile<\/a><\/li>\n    <li><a class=\"la-link-soft\" href=\"\/massage-homme-cap-dantibes\/\">Massage pour hommes<\/a><\/li>\n    <li><a class=\"la-link-soft\" href=\"\/massage-sportif-cap-dantibes\/\">Massage sportif<\/a><\/li>\n    <li><a class=\"la-link-soft\" href=\"\/osteopathie-cap-dantibes\/\">Ost\u00e9opathie \u00e0 domicile<\/a><\/li>\n  <\/ul>\n\n\n  <h4 class=\"wp-block-heading\">\u00c8ze<\/h4>\n  <ul>\n    <li><a class=\"la-link-soft\" href=\"\/massage-eze\/\">Massage \u00e0 domicile<\/a><\/li>\n    <li><a class=\"la-link-soft\" href=\"\/massage-homme-eze\/\">Massage pour hommes<\/a><\/li>\n    <li><a class=\"la-link-soft\" href=\"\/massage-sportif-eze\/\">Massage sportif<\/a><\/li>\n<li><a class=\"la-link-soft\" href=\"\/osteopathie-eze\/\">Ost\u00e9opathie \u00e0 domicile<\/a><\/li>\n  <\/ul>\n\n  <h4 class=\"wp-block-heading\">Menton<\/h4>\n  <ul>\n    <li><a class=\"la-link-soft\" href=\"\/massage-menton\/\">Massage \u00e0 domicile<\/a><\/li>\n    <li><a class=\"la-link-soft\" href=\"\/massage-homme-menton\/\">Massage pour hommes<\/a><\/li>\n    <li><a class=\"la-link-soft\" href=\"\/massage-sportif-menton\/\">Massage sportif<\/a><\/li>\n  <\/ul>\n\n  <h4 class=\"wp-block-heading\">Monaco<\/h4>\n  <ul>\n    <li><a class=\"la-link-soft\" href=\"\/massage-monaco\/\">Massage \u00e0 domicile<\/a><\/li>\n    <li><a class=\"la-link-soft\" href=\"\/massage-homme-monaco\/\">Massage pour hommes<\/a><\/li>\n    <li><a class=\"la-link-soft\" href=\"\/massage-sportif-monaco\/\">Massage sportif<\/a><\/li>\n  <li><a class=\"la-link-soft\" href=\"\/osteopathie-monaco\/\">Ost\u00e9opathie \u00e0 domicile<\/a><\/li>\n  <\/ul>\n\n  <h4 class=\"wp-block-heading\">Mougins<\/h4>\n  <ul>\n    <li><a class=\"la-link-soft\" href=\"\/massage-mougins\/\">Massage \u00e0 domicile<\/a><\/li>\n    <li><a class=\"la-link-soft\" href=\"\/massage-homme-mougins\/\">Massage pour hommes<\/a><\/li>\n    <li><a class=\"la-link-soft\" href=\"\/massage-sportif-mougins\/\">Massage sportif<\/a><\/li>\n  <\/ul>\n\n<h4 class=\"wp-block-heading\">Nice<\/h4>\n<ul>\n  <li><a class=\"la-link-soft\" href=\"\/massage-nice\/\">Massage \u00e0 domicile<\/a><\/li>\n  <li><a class=\"la-link-soft\" href=\"\/entreprise-nice\/\">Massage en entreprise<\/a><\/li>\n  <li><a class=\"la-link-soft\" href=\"\/massage-homme-nice\/\">Massage pour hommes<\/a><\/li>\n  <li><a class=\"la-link-soft\" href=\"\/massage-sportif-nice\/\">Massage sportif<\/a><\/li>\n  <li><a class=\"la-link-soft\" href=\"\/osteopathie-nice\/\">Ost\u00e9opathie \u00e0 domicile<\/a><\/li>\n<\/ul>\n\n  <h4 class=\"wp-block-heading\">Saint-Jean-Cap-Ferrat<\/h4>\n  <ul>\n    <li><a class=\"la-link-soft\" href=\"\/massage-saint-jean-cap-ferrat\/\">Massage \u00e0 domicile<\/a><\/li>\n    <li><a class=\"la-link-soft\" href=\"\/massage-homme-saint-jean-cap-ferrat\/\">Massage pour hommes<\/a><\/li>\n    <li><a class=\"la-link-soft\" href=\"\/massage-sportif-saint-jean-cap-ferrat\/\">Massage sportif<\/a><\/li>\n<li><a class=\"la-link-soft\" href=\"\/osteopathy-saint-jean-cap-ferrat\/\">Ost\u00e9opathie \u00e0 domicile<\/a><\/li>\n  <\/ul>\n\n<h4 class=\"wp-block-heading\">Saint-Paul-de-Vence<\/h4>\n  <ul>\n    <li><a class=\"la-link-soft\" href=\"\/massage-saint-paul-de-vence\/\">Massage \u00e0 domicile<\/a><\/li>\n    <li><a class=\"la-link-soft\" href=\"\/massage-homme-saint-paul-de-vence\/\">Massage pour hommes<\/a><\/li>\n    <li><a class=\"la-link-soft\" href=\"\/massage-sportif-saint-paul-de-vence\/\">Massage sportif<\/a><\/li>\n<li><a class=\"la-link-soft\" href=\"\/osteopathy-saint-paul-de-vence\/\">Ost\u00e9opathie \u00e0 domicile<\/a><\/li>\n  <\/ul>\n\n  <h4 class=\"wp-block-heading\">Saint-Laurent-du-Var<\/h4>\n  <ul>\n    <li><a class=\"la-link-soft\" href=\"\/massage-saint-laurent-du-var\/\">Massage \u00e0 domicile<\/a><\/li>\n    <li><a class=\"la-link-soft\" href=\"\/massage-homme-saint-laurent-du-var\/\">Massage pour hommes<\/a><\/li>\n    <li><a class=\"la-link-soft\" href=\"\/massage-sportif-saint-laurent-du-var\/\">Massage sportif<\/a><\/li>\n  <\/ul>\n\n  <h4 class=\"wp-block-heading\">Saint-Tropez<\/h4>\n  <ul>\n    <li><a class=\"la-link-soft\" href=\"\/massage-saint-tropez\/\">Massage \u00e0 domicile<\/a><\/li>\n    <li><a class=\"la-link-soft\" href=\"\/massage-hommes-saint-tropez\/\">Massage pour hommes<\/a><\/li>\n    <li><a class=\"la-link-soft\" href=\"\/massage-sportif-saint-tropez\/\">Massage sportif<\/a><\/li>\n  <\/ul>\n\n<h4 class=\"wp-block-heading\">Sophia-Antipolis<\/h4>\n  <ul>\n    <li><a class=\"la-link-soft\" href=\"\/entreprise-sophia-antipolis\/\">Massage en entreprise<\/a><\/li>\n  <\/ul>\n\n<h4 class=\"wp-block-heading\">Roquebrune-cap-Martin<\/h4>\n  <ul>\n    <li><a class=\"la-link-soft\" href=\"\/massage-roquebrune-cap-martin\/\">Massage \u00e0 domicile<\/a><\/li>\n    <li><a class=\"la-link-soft\" href=\"\/massage-homme-roquebrune-cap-martin\/\">Massage pour hommes<\/a><\/li>\n    <li><a class=\"la-link-soft\" href=\"\/massage-sportif-roquebrune-cap-martin\/\">Massage sportif<\/a><\/li>\n<li><a class=\"la-link-soft\" href=\"\/osteopathy-roquebrune-cap-martin\/\">Ost\u00e9opathie \u00e0 domicile<\/a><\/li>\n  <\/ul>\n\n  <h4 class=\"wp-block-heading\">Tourrettes-sur-Loup<\/h4>\n  <ul>\n    <li><a class=\"la-link-soft\" href=\"\/massage-tourrettes-sur-loup\/\">Massage \u00e0 domicile<\/a><\/li>\n    <li><a class=\"la-link-soft\" href=\"\/massage-homme-tourrettes-sur-loup\/\">Massage pour hommes<\/a><\/li>\n    <li><a class=\"la-link-soft\" href=\"\/massage-sportif-tourrettes-sur-loup\/\">Massage sportif<\/a><\/li>\n  <\/ul>\n\n  <h4 class=\"wp-block-heading\">Vence<\/h4>\n  <ul>\n    <li><a class=\"la-link-soft\" href=\"\/massage-vence\/\">Massage \u00e0 domicile<\/a><\/li>\n    <li><a class=\"la-link-soft\" href=\"\/massage-homme-vence\/\">Massage pour hommes<\/a><\/li>\n    <li><a class=\"la-link-soft\" href=\"\/massage-sportif-vence\/\">Massage sportif<\/a><\/li>\n  <\/ul>\n\n  <h4 class=\"wp-block-heading\">Villefranche-sur-Mer<\/h4>\n  <ul>\n    <li><a class=\"la-link-soft\" href=\"\/massage-villefranche-sur-mer\/\">Massage \u00e0 domicile<\/a><\/li>\n    <li><a class=\"la-link-soft\" href=\"\/massage-homme-villefranche-sur-mer\/\">Massage pour hommes<\/a><\/li>\n    <li><a class=\"la-link-soft\" href=\"\/massage-sportif-villefranche-sur-mer\/\">Massage sportif<\/a><\/li>\n <li><a class=\"la-link-soft\" href=\"\/osteopathy-villefranche-sur-mer\/\">Ost\u00e9opathie \u00e0 domicile<\/a><\/li>\n  <\/ul>\n\n  <h4 class=\"wp-block-heading\">Villeneuve-Loubet<\/h4>\n  <ul>\n    <li><a class=\"la-link-soft\" href=\"\/massage-villeneuve-loubet\/\">Massage \u00e0 domicile<\/a><\/li>\n    <li><a class=\"la-link-soft\" href=\"\/massage-homme-villeneuve-loubet\/\">Massage pour hommes<\/a><\/li>\n    <li><a class=\"la-link-soft\" href=\"\/massage-sportif-villeneuve-loubet\/\">Massage sportif<\/a><\/li>\n  <\/ul>\n\n<\/div>\n","protected":false},"excerpt":{"rendered":"<p>Paris \u00b7 Arrondissements Paris 1er Massage \u00e0 domicile Massage pour hommes Massage sportif Paris 2e Massage \u00e0 domicile Massage pour hommes Massage sportif Paris 3e Massage \u00e0 domicile Massage pour hommes Massage sportif Paris 4e Massage \u00e0 domicile Massage pour hommes Massage sportif Paris 5e Massage \u00e0 domicile Massage pour hommes Massage sportif Paris 6e [&hellip;]<\/p>\n","protected":false},"author":1,"featured_media":0,"parent":0,"menu_order":0,"comment_status":"closed","ping_status":"closed","template":"","meta":{"_uag_custom_page_level_css":"","footnotes":""},"class_list":["post-3655","page","type-page","status-publish","hentry"],"uagb_featured_image_src":{"full":false,"thumbnail":false,"medium":false,"medium_large":false,"large":false,"1536x1536":false,"2048x2048":false,"trp-custom-language-flag":false},"uagb_author_info":{"display_name":"admin1614","author_link":"https:\/\/louisaliotta.com\/fr\/author\/admin1614\/"},"uagb_comment_info":0,"uagb_excerpt":"Paris \u00b7 Arrondissements Paris 1er Massage \u00e0 domicile Massage pour hommes Massage sportif Paris 2e Massage \u00e0 domicile Massage pour hommes Massage sportif Paris 3e Massage \u00e0 domicile Massage pour hommes Massage sportif Paris 4e Massage \u00e0 domicile Massage pour hommes Massage sportif Paris 5e Massage \u00e0 domicile Massage pour hommes Massage sportif Paris 6e\u2026","_links":{"self":[{"href":"https:\/\/louisaliotta.com\/fr\/wp-json\/wp\/v2\/pages\/3655","targetHints":{"allow":["GET"]}}],"collection":[{"href":"https:\/\/louisaliotta.com\/fr\/wp-json\/wp\/v2\/pages"}],"about":[{"href":"https:\/\/louisaliotta.com\/fr\/wp-json\/wp\/v2\/types\/page"}],"author":[{"embeddable":true,"href":"https:\/\/louisaliotta.com\/fr\/wp-json\/wp\/v2\/users\/1"}],"replies":[{"embeddable":true,"href":"https:\/\/louisaliotta.com\/fr\/wp-json\/wp\/v2\/comments?post=3655"}],"version-history":[{"count":34,"href":"https:\/\/louisaliotta.com\/fr\/wp-json\/wp\/v2\/pages\/3655\/revisions"}],"predecessor-version":[{"id":5409,"href":"https:\/\/louisaliotta.com\/fr\/wp-json\/wp\/v2\/pages\/3655\/revisions\/5409"}],"wp:attachment":[{"href":"https:\/\/louisaliotta.com\/fr\/wp-json\/wp\/v2\/media?parent=3655"}],"curies":[{"name":"wp","href":"https:\/\/api.w.org\/{rel}","templated":true}]}}