{"id":5044,"date":"2026-01-04T17:50:51","date_gmt":"2026-01-04T16:50:51","guid":{"rendered":"https:\/\/louisaliotta.com\/?page_id=5044"},"modified":"2026-03-31T08:21:41","modified_gmt":"2026-03-31T06:21:41","slug":"massage-beausoleil","status":"publish","type":"page","link":"https:\/\/louisaliotta.com\/fr\/massage-beausoleil\/","title":{"rendered":"Massage \u00e0 domicile \u2013 Beausoleil"},"content":{"rendered":"<!-- \u2550\u2550 INTRO \u2550\u2550 -->\n\n<div class=\"la-encadre la-encadre--intro animated-image\" style=\"margin:0 auto 34px;\">\n  <p style=\"margin:0;\">Vous recherchez un <strong>massage \u00e0 domicile \u00e0 Beausoleil<\/strong> ? J&rsquo;interviens directement chez vous, dans votre h\u00f4tel, votre villa ou votre lieu de s\u00e9jour, avec une approche personnalis\u00e9e.<\/p>\n<\/div>\n\n\n\n<!-- \u2550\u2550 SECTION 1 \u2014 Vid\u00e9o + pr\u00e9sentation \u2550\u2550 -->\n\n<div class=\"wp-block-columns are-vertically-aligned-center is-layout-flex wp-container-core-columns-is-layout-28f84493 wp-block-columns-is-layout-flex\" style=\"margin-top:28px;\">\n\n  <div class=\"wp-block-column is-vertically-aligned-center\">\n    <figure class=\"la-photo\">\n      <div class=\"la-photo-inner animated-image\">\n        <video class=\"la-video\" src=\"https:\/\/louisaliotta.com\/wp-content\/uploads\/2025\/12\/mobile-massage.mp4\" muted playsinline preload=\"metadata\" autoplay loop><\/video>\n      <\/div>\n    <\/figure>\n  <\/div>\n\n  <div class=\"wp-block-column is-vertically-aligned-center\">\n    <div class=\"la-encadre animated-image\">\n      <h3 class=\"wp-block-heading la-loc-h3\">Massage \u00e0 domicile \u00b7 Beausoleil<\/h3>\n      <p>Je propose des <strong>massages \u00e0 domicile \u00e0 Beausoleil<\/strong> : chez vous, dans votre h\u00f4tel ou votre villa.<\/p>\n      <p>Chaque s\u00e9ance est <strong>personnalis\u00e9e<\/strong> selon vos besoins : relaxant, <a href=\"https:\/\/louisaliotta.com\/massage-sportif\/\">sportif<\/a> ou sur-mesure.<\/p>\n      <p style=\"margin-bottom:0;\">Je me d\u00e9place avec le mat\u00e9riel n\u00e9cessaire pour votre <strong>confort<\/strong>.<\/p>\n    <\/div>\n  <\/div>\n\n<\/div>\n\n\n\n<!-- \u2550\u2550 SECTION 2 \u2014 Types de massages \u2550\u2550 -->\n\n<div class=\"wp-block-columns are-vertically-aligned-center is-layout-flex wp-container-core-columns-is-layout-28f84493 wp-block-columns-is-layout-flex\" style=\"margin-top:28px;\">\n\n  <div class=\"wp-block-column is-vertically-aligned-center\">\n    <figure class=\"la-photo\">\n      <div class=\"la-photo-inner animated-image\">\n        <img decoding=\"async\" src=\"https:\/\/louisaliotta.com\/wp-content\/uploads\/2025\/12\/mobile-massage-monaco-1-scaled.webp\" alt=\"Massage \u00e0 domicile \u00e0 Beausoleil \u2013 s\u00e9ance sur-mesure\" loading=\"lazy\"\/>\n      <\/div>\n    <\/figure>\n  <\/div>\n\n  <div class=\"wp-block-column is-vertically-aligned-center\">\n    <div class=\"la-encadre animated-image\">\n      <h3 class=\"wp-block-heading la-loc-h3\">Massage relaxant, sportif ou sur-mesure<\/h3>\n      <ul class=\"la-bullets\">\n        <li><strong>Massage relaxant<\/strong> : pression douce, gestes fluides, rythm\u00e9s et enveloppants. Un soin pour apaiser les tensions et retrouver l\u00e9g\u00e8ret\u00e9 et harmonie. Un voyage int\u00e9rieur tout en douceur.<\/li>\n        <li><a href=\"https:\/\/louisaliotta.com\/massage-sportif\/\"><strong>Massage sportif<\/strong><\/a> : ce massage lent et profond soulage les tensions et am\u00e9liore l&rsquo;oxyg\u00e9nation des tissus gr\u00e2ce \u00e0 des techniques musculaires et des mobilisations articulaires cibl\u00e9es. Id\u00e9al apr\u00e8s l&rsquo;effort, il aide \u00e0 \u00e9liminer les toxines et \u00e0 apaiser les courbatures.<\/li>\n        <li><strong>Massage sur-mesure<\/strong> : un toucher \u00e0 la fois doux et profond, construit \u00e0 partir de vos besoins sp\u00e9cifiques. La pression et le rythme sont ajust\u00e9s de mani\u00e8re progressive au cours de la s\u00e9ance en fonction des zones, afin de favoriser une d\u00e9tente globale et un rel\u00e2chement progressif des tensions. Ce soin vise des effets imm\u00e9diats et durables.<\/li>\n      <\/ul>\n      <p style=\"margin:14px 0 0 0;\">La s\u00e9ance est <strong>adapt\u00e9e \u00e0 vos besoins du moment.<\/strong><\/p>\n    <\/div>\n  <\/div>\n\n<\/div>\n\n\n\n<!-- \u2550\u2550 SECTION 3 \u2014 Bienfaits \u2550\u2550 -->\n\n<div class=\"wp-block-columns are-vertically-aligned-center is-layout-flex wp-container-core-columns-is-layout-28f84493 wp-block-columns-is-layout-flex\" style=\"margin-top:28px;\">\n\n  <div class=\"wp-block-column is-vertically-aligned-center\">\n    <div class=\"la-encadre animated-image\">\n      <h3 class=\"wp-block-heading la-loc-h3\">Bienfaits<\/h3>\n      <ul class=\"la-bullets\">\n        <li><strong>Soulager les tensions<\/strong> li\u00e9es au stress, \u00e0 l&rsquo;activit\u00e9 physique ou aux postures prolong\u00e9es<\/li>\n        <li><strong>Favoriser la r\u00e9cup\u00e9ration et la mobilit\u00e9<\/strong>, que vous soyez s\u00e9dentaire, actif ou avec une activit\u00e9 sportive exigeante<\/li>\n        <li><strong>Apaiser la charge mentale<\/strong>, en cr\u00e9ant un temps de pause et de recentrage<\/li>\n      <\/ul>\n      <p style=\"margin:14px 0 0 0;\">Chaque s\u00e9ance est <strong>ajust\u00e9e \u00e0 votre rythme<\/strong> et \u00e0 votre mode de vie.<\/p>\n    <\/div>\n  <\/div>\n\n  <div class=\"wp-block-column is-vertically-aligned-center\">\n    <figure class=\"la-photo\">\n      <div class=\"la-photo-inner animated-image\">\n        <img decoding=\"async\" src=\"https:\/\/louisaliotta.com\/wp-content\/uploads\/2025\/12\/massage-domicile-monaco.webp\" alt=\"Massage \u00e0 domicile \u00e0 Beausoleil \u2013 confort et r\u00e9cup\u00e9ration\" loading=\"lazy\"\/>\n      <\/div>\n    <\/figure>\n  <\/div>\n\n<\/div>\n\n\n\n<!-- \u2550\u2550 SECTION 4 \u2014 Zone d'intervention \u2550\u2550 -->\n\n<div class=\"la-encadre animated-image\" style=\"margin:28px auto;\">\n  <h3 class=\"wp-block-heading la-loc-h3\">Zone d&rsquo;intervention \u00b7 Beausoleil<\/h3>\n\n  <p>J&rsquo;interviens \u00e0 <strong>Beausoleil<\/strong> et dans les secteurs proches, notamment autour du <strong>centre-ville<\/strong>, <strong>Moneghetti<\/strong>, <strong>T\u00e9nao<\/strong>, <strong>Guynemer<\/strong>, et \u00e0 proximit\u00e9 de <strong>Monaco<\/strong>.<\/p>\n\n  <p>Intervention \u00e0 domicile possible dans les <strong>villas<\/strong>, <strong>h\u00f4tels<\/strong> et <strong>palaces<\/strong> du secteur.<\/p>\n\n  <p>J\u2019interviens r\u00e9guli\u00e8rement <strong>\u00e0 proximit\u00e9 des \u00e9tablissements embl\u00e9matiques de Monaco et de la Riviera<\/strong>, notamment dans les secteurs de l\u2019<strong>H\u00f4tel de Paris Monte-Carlo<\/strong>, de l\u2019<strong>H\u00f4tel Hermitage Monte-Carlo<\/strong>, du <strong>Monte-Carlo Bay Hotel &amp; Resort<\/strong>, du <strong>Fairmont Monte Carlo<\/strong>, du <strong>Maybourne Riviera<\/strong> et du <strong>Monte-Carlo Beach<\/strong>.<\/p>\n\n  <p style=\"margin:18px 0 0 0;\">D\u00e9placement possible vers les villes voisines :\n    <a href=\"https:\/\/louisaliotta.com\/massage-monaco\/\">Monaco<\/a>,\n    <a href=\"https:\/\/louisaliotta.com\/massage-cap-dail\/\">Cap d&rsquo;Ail<\/a>,\n    <a href=\"https:\/\/louisaliotta.com\/massage-eze\/\">\u00c8ze<\/a>,\n    <a href=\"https:\/\/louisaliotta.com\/massage-la-turbie\/\">La Turbie<\/a>,\n    <a href=\"https:\/\/louisaliotta.com\/massage-nice\/\">Nice<\/a>.\n  <\/p>\n<\/div>\n\n\n<!-- \u2550\u2550 SECTION 5 \u2014 Pourquoi \u00e0 domicile \u2550\u2550 -->\n\n<div class=\"wp-block-columns are-vertically-aligned-center is-layout-flex wp-container-core-columns-is-layout-28f84493 wp-block-columns-is-layout-flex\" style=\"margin-top:28px;\">\n\n  <div class=\"wp-block-column is-vertically-aligned-center\">\n    <div class=\"la-encadre animated-image\">\n      <h3 class=\"wp-block-heading la-loc-h3\">Pourquoi choisir un massage \u00e0 domicile \u00e0 Beausoleil ?<\/h3>\n      <p>Recevoir un massage \u00e0 votre domicile vous permet d&rsquo;optimiser votre temps, d&rsquo;\u00e9viter les al\u00e9as des transports, de garder les bienfaits du soin en restant dans un cadre apaisant sans retourner dans l&rsquo;agitation ext\u00e9rieure.<\/p>\n      <p style=\"margin-bottom:0;\">Ma pratique en tant qu&rsquo;ind\u00e9pendant me permet une libert\u00e9 dans la construction de chaque s\u00e9ance. Sans protocole impos\u00e9 ni standardisation, le massage s&rsquo;adapte pleinement \u00e0 vos besoins du moment, avec une exigence de qualit\u00e9 \u00e9quivalente \u00e0 celle d&rsquo;un spa.<\/p>\n    <\/div>\n  <\/div>\n\n  <div class=\"wp-block-column is-vertically-aligned-center\">\n    <figure class=\"la-photo\">\n      <div class=\"la-photo-inner animated-image\">\n        <img decoding=\"async\" src=\"https:\/\/louisaliotta.com\/wp-content\/uploads\/2025\/05\/masseur-monaco.webp\" alt=\"Massage \u00e0 domicile \u00e0 Beausoleil \u2013 praticien\" loading=\"lazy\"\/>\n      <\/div>\n    <\/figure>\n  <\/div>\n\n<\/div>\n\n\n\n<!-- \u2550\u2550 R\u00e9f\u00e9rences \u2550\u2550 -->\n\n<div class=\"la-encadre animated-image\" style=\"margin:28px auto;\">\n  <h3 class=\"wp-block-heading la-loc-h3\">R\u00e9f\u00e9rences et approche<\/h3>\n  <p style=\"margin:0;\">Form\u00e9 en <strong>massage<\/strong> et en <strong>ost\u00e9opathie<\/strong>, j&rsquo;adapte chaque s\u00e9ance avec pr\u00e9cision, selon vos priorit\u00e9s et votre confort. Pour en savoir plus : <a href=\"https:\/\/louisaliotta.com\/a-propos\/\">mon parcours<\/a>.<\/p>\n<\/div>\n\n\n\n<!-- \u2550\u2550 CTA \u2550\u2550 -->\n\n<div class=\"la-encadre la-loc-cta animated-image\" style=\"margin:28px auto;\">\n  <h2 class=\"wp-block-heading la-loc-h2\">Massage \u00e0 Beausoleil \u2013 Me contacter<\/h2>\n  <p style=\"margin:0 0 20px 0;\">Pour une demande, un cr\u00e9neau ou une question, vous pouvez me contacter directement.<\/p>\n  <a class=\"la-review-btn\" href=\"https:\/\/wa.me\/33602710818\" target=\"_blank\" rel=\"noopener noreferrer\">Me contacter<\/a>\n  <a class=\"la-loc-email\" href=\"mailto:contact@louisaliotta.com\">contact@louisaliotta.com<\/a>\n<\/div>\n\n\n\n<!-- \u2550\u2550 CSS LOCAL \u2550\u2550 -->\n\n<style>\n.la-loc-h2 {\n  all: unset !important;\n  display: block !important;\n  font-family: 'Cormorant Garamond', Georgia, serif !important;\n  font-size: 1.5rem !important;\n  font-weight: 300 !important;\n  color: #3e3d3b !important;\n  letter-spacing: .07em !important;\n  text-align: center !important;\n  margin: 0 0 16px 0 !important;\n  line-height: 1.2 !important;\n}\n.la-loc-h2::before, .la-loc-h2::after { display: none !important; }\n\n.la-loc-h3 {\n  all: unset !important;\n  display: block !important;\n  font-family: 'Cormorant Garamond', Georgia, serif !important;\n  font-size: .85rem !important;\n  font-weight: 400 !important;\n  color: #9b7e3c !important;\n  letter-spacing: .2em !important;\n  text-transform: uppercase !important;\n  text-align: left !important;\n  margin: 0 0 18px 0 !important;\n  padding-bottom: 12px !important;\n  border-bottom: 1px solid rgba(209,179,127,.22) !important;\n  line-height: 1.4 !important;\n}\n.la-loc-h3::before, .la-loc-h3::after { display: none !important; }\n\n.la-loc-cta { text-align: center; padding: 32px 28px 40px 28px !important; }\n.la-loc-cta p { text-align: center !important; }\n\n.la-loc-email {\n  display: block !important;\n  margin-top: 16px !important;\n  font-family: 'Cormorant Garamond', Georgia, serif !important;\n  font-size: 1.05rem !important;\n  letter-spacing: .06em !important;\n  color: #9b7e3c !important;\n  text-decoration: none !important;\n}\n.la-loc-email:hover { opacity: .75; }\n\n.la-encadre a:not(.la-loc-email):not(.la-review-btn) {\n  color: inherit !important;\n  text-decoration: none !important;\n  font-weight: inherit !important;\n  border-bottom: none !important;\n  transition: color .2s ease;\n}\n.la-encadre a:not(.la-loc-email):not(.la-review-btn):hover {\n  color: #9b7e3c !important;\n}\n<\/style>\n\n\n\n<!-- \u2550\u2550 JS \u2550\u2550 -->\n\n<script>\ndocument.addEventListener(\"DOMContentLoaded\", function () {\n  var videos = document.querySelectorAll(\"video.la-video, .la-photo video\");\n  function tryPlay(v) {\n    try {\n      v.muted = true; v.setAttribute(\"muted\",\"\"); v.setAttribute(\"playsinline\",\"\");\n      v.autoplay = true;\n      var p = v.play(); if (p && p.catch) p.catch(function(){});\n    } catch(e) {}\n  }\n  videos.forEach(tryPlay);\n  function kick() {\n    videos.forEach(function(v){ if (v.paused) tryPlay(v); });\n    window.removeEventListener(\"touchstart\", kick);\n    window.removeEventListener(\"scroll\", kick);\n  }\n  window.addEventListener(\"touchstart\", kick, { passive:true });\n  window.addEventListener(\"scroll\", kick, { passive:true });\n\n  var els = document.querySelectorAll(\".animated-image, .la-photo, .la-photo-inner\");\n  if (!els.length) return;\n  function show(el) {\n    el.classList.add(\"show\");\n    if (el.querySelectorAll) el.querySelectorAll(\".animated-image\").forEach(function(c){ c.classList.add(\"show\"); });\n    if (el.classList.contains(\"la-photo-inner\")) { var f = el.closest(\".la-photo\"); if (f) f.classList.add(\"show\"); }\n  }\n  if (!(\"IntersectionObserver\" in window)) { els.forEach(show); return; }\n  var io = new IntersectionObserver(function(e) {\n    e.forEach(function(x) { if (x.isIntersecting) { show(x.target); io.unobserve(x.target); } });\n  }, { threshold: 0.12, rootMargin: \"0px 0px -10% 0px\" });\n  els.forEach(function(el){ io.observe(el); });\n});\n<\/script>\n","protected":false},"excerpt":{"rendered":"<p>Vous recherchez un massage \u00e0 domicile \u00e0 Beausoleil ? J&rsquo;interviens directement chez vous, dans votre h\u00f4tel, votre villa ou votre lieu de s\u00e9jour, avec une approche personnalis\u00e9e. Massage \u00e0 domicile \u00b7 Beausoleil Je propose des massages \u00e0 domicile \u00e0 Beausoleil : chez vous, dans votre h\u00f4tel ou votre villa. Chaque s\u00e9ance est personnalis\u00e9e selon vos [&hellip;]<\/p>\n","protected":false},"author":1,"featured_media":0,"parent":0,"menu_order":0,"comment_status":"closed","ping_status":"closed","template":"","meta":{"_uag_custom_page_level_css":"","footnotes":""},"class_list":["post-5044","page","type-page","status-publish","hentry"],"uagb_featured_image_src":{"full":false,"thumbnail":false,"medium":false,"medium_large":false,"large":false,"1536x1536":false,"2048x2048":false,"trp-custom-language-flag":false},"uagb_author_info":{"display_name":"admin1614","author_link":"https:\/\/louisaliotta.com\/fr\/author\/admin1614\/"},"uagb_comment_info":0,"uagb_excerpt":"Vous recherchez un massage \u00e0 domicile \u00e0 Beausoleil ? J&rsquo;interviens directement chez vous, dans votre h\u00f4tel, votre villa ou votre lieu de s\u00e9jour, avec une approche personnalis\u00e9e. Massage \u00e0 domicile \u00b7 Beausoleil Je propose des massages \u00e0 domicile \u00e0 Beausoleil : chez vous, dans votre h\u00f4tel ou votre villa. Chaque s\u00e9ance est personnalis\u00e9e selon vos\u2026","_links":{"self":[{"href":"https:\/\/louisaliotta.com\/fr\/wp-json\/wp\/v2\/pages\/5044","targetHints":{"allow":["GET"]}}],"collection":[{"href":"https:\/\/louisaliotta.com\/fr\/wp-json\/wp\/v2\/pages"}],"about":[{"href":"https:\/\/louisaliotta.com\/fr\/wp-json\/wp\/v2\/types\/page"}],"author":[{"embeddable":true,"href":"https:\/\/louisaliotta.com\/fr\/wp-json\/wp\/v2\/users\/1"}],"replies":[{"embeddable":true,"href":"https:\/\/louisaliotta.com\/fr\/wp-json\/wp\/v2\/comments?post=5044"}],"version-history":[{"count":8,"href":"https:\/\/louisaliotta.com\/fr\/wp-json\/wp\/v2\/pages\/5044\/revisions"}],"predecessor-version":[{"id":5708,"href":"https:\/\/louisaliotta.com\/fr\/wp-json\/wp\/v2\/pages\/5044\/revisions\/5708"}],"wp:attachment":[{"href":"https:\/\/louisaliotta.com\/fr\/wp-json\/wp\/v2\/media?parent=5044"}],"curies":[{"name":"wp","href":"https:\/\/api.w.org\/{rel}","templated":true}]}}